{"id":38,"date":"2025-02-04T11:05:17","date_gmt":"2025-02-04T11:05:17","guid":{"rendered":"https:\/\/gymi.fi\/www\/?page_id=38"},"modified":"2025-03-11T19:00:47","modified_gmt":"2025-03-11T17:00:47","slug":"gymi-monipuolista-lasten-ja-nuorten-liikuntaaclasses","status":"publish","type":"page","link":"https:\/\/gymi.fi\/www\/gymi-monipuolista-lasten-ja-nuorten-liikuntaaclasses\/","title":{"rendered":"Gymi \u2013 monipuolista lasten ja nuorten liikuntaa"},"content":{"rendered":"\n<hr class=\"wp-block-separator has-alpha-channel-opacity\"\/>\n\n\n\n<h2 class=\"wp-block-heading\">Hauskalla treenill\u00e4 kehitet\u00e4\u00e4n tasapainotaitoja ja motoriikkaa<\/h2>\n\n\n\n<p>Gymi on suomalainen lasten ja nuorten liikuntakonsepti, joka aloitti toimintansa vuonna 2008 Helsingin Kampissa. Kun Gymi perustettiin, halusivat perustajat Christina Nurmi, Oona Kivel\u00e4 ja Marianne Petrell j\u00e4rjest\u00e4\u00e4 lasten liikuntaharrastuksen t\u00e4ysin muista toimijoista poikkeavalla tavalla \u2013 lapsi, terveys ja hyvinvointi keski\u00f6ss\u00e4. Yrityksen arvojen mukaisesti panostettiin saliin, v\u00e4lineisiin ja pedagogiikkaan. Syntyi&nbsp;konsepti, joka t\u00e4n\u00e4 p\u00e4iv\u00e4n\u00e4 on&nbsp;<strong>franchise- ja lisenssimallilla toimiva&nbsp;<a href=\"https:\/\/gymi.fi\/koulutus\/heimo\/\">heimo<\/a>: salikonsepti mutta my\u00f6s koulutusta ja valmiita tuntimalleja sek\u00e4 kalusteita ja v\u00e4lineit\u00e4 eri toimintaymp\u00e4rist\u00f6ihin kuten esimerkiksi kouluihin ja p\u00e4iv\u00e4koteihin, seura- ja kerhotoimintaan, hotelleihin, kylpyl\u00f6ihin ja liikuntakeskuksiin.<\/strong><\/p>\n\n\n\n<p>Autamme mielell\u00e4\u00e4n uusia innokkaita yritt\u00e4ji\u00e4 avamaan oman Gymins\u00e4 tai l\u00e4htem\u00e4\u00e4n&nbsp;<a href=\"https:\/\/gymi.fi\/koulutus\/heimo\/\"><strong>Gymi-heimoon<\/strong><\/a>&nbsp;pienimuotoisemmin ilman omaa tilaa. Gymi-yritt\u00e4jyydest\u00e4, lisensseist\u00e4 ja koulutuksista l\u00f6yd\u00e4t lis\u00e4\u00e4 tietoa&nbsp;<a href=\"https:\/\/gymieducation.com\/www\/\">Gymi Education<\/a>&nbsp;ja&nbsp;<a href=\"https:\/\/gymi.fi\/koulutus\/\">Koulutus-sivulta.<\/a><\/p>\n\n\n\n<p>Gymin toimintaymp\u00e4rist\u00f6 on ainutlaatuinen ja motivoiva;&nbsp;<strong>Gymill\u00e4 harjoittelee salissa yksi ryhm\u00e4 kerrallaan; lapsiryhm\u00e4n koko on hallittu; tunnit ja koko toimintavuosi on suunniteltu lapsen ja nuoren kehitys huomioiden ja painottaen tasapainotaitojen, motoristen taitojen sek\u00e4 liikunnallisten ominaisuuksien kehitt\u00e4mist\u00e4 \u2013 ik\u00e4\u00e4n sopivalla tavalla totta kai!&nbsp;Puhtaaseen, innostavaan ja turvalliseen toimintaymp\u00e4rist\u00f6\u00f6n panostamalla halutaan luoda harjoitusrauha, miss\u00e4 kaikilla on mukava treenata omalla tasollaan ja omien tavoitteiden mukaisesti.<\/strong><\/p>\n\n\n\n<p>Aitous, luonnollisuus, inhimillisyys, j\u00e4rki ja syd\u00e4n ohjaavat toimintaamme, miss\u00e4 luonnollinen liike, hengitt\u00e4minen ja heng\u00e4ht\u00e4minen sek\u00e4 ihmisten v\u00e4linen kanssak\u00e4yminen ovat keski\u00f6ss\u00e4. Pehme\u00e4 huopalattia ja erilaiset pehme\u00e4t moduulit toimivat niin \u00e4\u00e4nieristein\u00e4 kuin iskunvaimentajina. Kasvui\u00e4ss\u00e4 on t\u00e4rke\u00e4\u00e4, ett\u00e4 hypyt tehd\u00e4\u00e4n pehmeill\u00e4 alustoilla v\u00e4hent\u00e4en n\u00e4in erilaisia rasitusvammoja. Treenirauha luodaan my\u00f6s yhteisill\u00e4 s\u00e4\u00e4nn\u00f6ill\u00e4, mist\u00e4 Gymi-ope yhdess\u00e4 gymil\u00e4isten kanssa pit\u00e4\u00e4 kiinni. Alle kouluik\u00e4iset seikkailevat Gymill\u00e4 mielikuvitusmaailmoissa, liikkeeseen menn\u00e4\u00e4n tarina edell\u00e4.<\/p>\n\n\n\n<p>Gymi-tunnit ovat monipuolinen sekoitus motoriikan ja tasapainotaitojen mutta my\u00f6s sosiaalisten taitojen harjoittelua ja itsetunnon kehitt\u00e4mist\u00e4, terveiden elintapojen opettelua mutta samalla hauskaa ninjatreeni\u00e4, voimistelua, parkouria, freerunningia, ilma-akrobatiaa, sirkusta ja joogaa \u2013&nbsp;<a href=\"https:\/\/riikanblogi.fi\/gymi-taydellinen-liikuntaharrastus-lapselle\/\">t\u00e4ydellinen liikuntaharrastus lapselle!<\/a><\/p>\n\n\n\n<p>Gymi-konseptin omistaa suomalainen perheyritys, ja toimipisteet ovat yritt\u00e4j\u00e4vetoisia. Gymi-tunteja pidet\u00e4\u00e4n my\u00f6s muun toiminnan yhteydess\u00e4 kuten liikuntakeskuksissa, kouluissa ja p\u00e4iv\u00e4kodeissa.<\/p>\n\n\n\n<h2 class=\"wp-block-heading\">Parkouria, ninjapotkuja, jumppaa, sirkusta, ilma-akrobatiaa vai joogaa?<\/h2>\n\n\n\n<p>Onneksi ei tarvitse valita! Gymi tarjoaa monipuolista ohjattua liikuntaa kaikenik\u00e4isille (0-99v) lapsille ja nuorille sek\u00e4 aikuisille. Painotamme liikuntataitojen oppimista strukturoidusti mutta mukavan rennossa ilmapiiriss\u00e4 antaen tilaa kunkin yksil\u00f6n omalle kehitystahdille. Meill\u00e4 treenataan oman kehon painolla ja pilke silm\u00e4kulmassa.<\/p>\n\n\n\n<p>Gymill\u00e4 harrastetaan taaperojumppaa, temppurataa, telinevoimistelua, parkouria, sirkusta, joogaa, street workoutia ja akrobatiaa. Kaikkea t\u00e4t\u00e4 Gymi\u00ae-tunneilla. Yli 7-vuotiaille on Gymi-tuntien lis\u00e4ksi ns lajitunteja eli mm. Gymi Parkour &amp; Freerunning, Gymi Gymnastics, Gymi Aerial Acrobatics ja Gymi Circus&amp;Acro -tunteja. Alle kouluik\u00e4isten tunneilla \u201dmatkustetaan ymp\u00e4ri maailmaa\u201d eli mielikuvat ja tarinat viev\u00e4t meid\u00e4t kolmen viikon jaksoissa erilaisiin liikkeisiin ja harjoitteisiin; my\u00f6s kouluik\u00e4isten ja aikuisten tunneilla teemat ja painotukset vaihtelevat kolmen viikon v\u00e4lein. Jos telinevoimistelu on monipuolinen laji, niin Gymi-treeni on viel\u00e4 monipuolisempi, sill\u00e4 erilaisilla telineill\u00e4 temppuilun ja tasapainoilun lis\u00e4ksi treeniss\u00e4 on mukana my\u00f6s mm joogaliikkeit\u00e4 ja v\u00e4lineiden (kuten pallot tai sirkusv\u00e4lineet) k\u00e4sittely\u00e4.<\/p>\n\n\n\n<p>Gymin tunnit ovat i\u00e4n ja kehitystason mukaisesti suunniteltuja, ja tunnit toteutetaan yhteisen opetussunnitelman eli k\u00e4sikirjan mukaan. Taitojen karttuessa kannustavassa ilmapiiriss\u00e4 my\u00f6s itsetunto ja itsetuntemus kehittyv\u00e4t. Tasapainotaitojen kehitt\u00e4misell\u00e4 luodaan pohjaa my\u00f6s kognitiiviselle oppimiselle.&nbsp;<strong>Kilpailemisen sijaan Gymill\u00e4 painotetaan yksil\u00f6llist\u00e4 kehityst\u00e4, sis\u00e4isen motivaation synnytt\u00e4mist\u00e4, ryhm\u00e4ss\u00e4 toimimista, terveytt\u00e4 ja hyvinvointia, taitojen opettelua niin fyysisesti kuin henkisesti, sosiaalisesti ja emotionaalisesti turvallisessa ymp\u00e4rist\u00f6ss\u00e4 sek\u00e4 liikunnan iloa.&nbsp;Gymill\u00e4 harjoittelu on hauskaa!<\/strong><\/p>\n\n\n\n<p>Gymill\u00e4 harjoitellaan sopivan kokoisissa ryhmiss\u00e4, mik\u00e4 takaa ohjaajan huomion jokaiselle sek\u00e4 mukavan harjoitusilmapiirin. Gymi-tunneilla ei jonoteta, vaan harjoitellaan koko tunti. Gymin ainutlaatuinen saliymp\u00e4rist\u00f6, telineet ja v\u00e4lineet, konseptin mukaiset tuntisis\u00e4ll\u00f6t sek\u00e4 osaavat ohjaajat takaavat omalta osaltaan monipuolisen ja hauskan liikuntatunnin. Vaikka tunnit on suunniteltu ja tunneilla edet\u00e4\u00e4n opetussuunnitelman mukaisesti, j\u00e4tet\u00e4\u00e4n tilaa luovuudelle ja luonnolliselle liikkeelle. Gymill\u00e4 temppuja ja taitoja opitaan takuuvarmasti \u2013 rennolla asenteella!<\/p>\n\n\n\n<p>S\u00e4\u00e4nn\u00f6llisen harrastamisen lis\u00e4ksi j\u00e4rjest\u00e4mme&nbsp;koululaisten p\u00e4iv\u00e4leirej\u00e4, syntt\u00e4reit\u00e4, polttareita, yksityistunteja, TYKY-p\u00e4ivi\u00e4 sek\u00e4 r\u00e4\u00e4t\u00e4l\u00f6ityj\u00e4 tunteja ja kursseja seuroille, p\u00e4iv\u00e4kodeille, kouluille, yhdistyksille ja yrityksille. Vuokraamme mahdollisuuksien mukaan tiloja my\u00f6s mm. kuvauksiin, kokouksiin, kouluille toiminnallisen opetuksen j\u00e4rjest\u00e4miseen tai muihin yksityistilaisuuksiin.<\/p>\n\n\n\n<p><strong>Autamme mielell\u00e4\u00e4n uusia innokkaita yritt\u00e4ji\u00e4&nbsp;<a href=\"https:\/\/gymi.fi\/koulutus\/franchising\/\">avamaan oman Gymins\u00e4<\/a>&nbsp;tai l\u00e4htem\u00e4\u00e4n&nbsp;<a href=\"https:\/\/gymi.fi\/koulutus\/heimo\/\">Gymi-heimoon<\/a>&nbsp;pienimuotoisemmin ilman omaa tilaa.<\/strong>&nbsp;Gymi -kalusteet ja -v\u00e4lineet, koulutus ja valmiit tuntimallit tekev\u00e4t Gymi-tunnit mahdolliseksi miss\u00e4 vaan, esimerkiksi p\u00e4iv\u00e4koti- ja koulumaailmassa, kerhotoimintana tai aikuisten kuntokeskuksessa. Gymi-yritt\u00e4jyydest\u00e4, lisensseist\u00e4 ja koulutuksista l\u00f6yd\u00e4t lis\u00e4\u00e4 tietoa&nbsp;<a href=\"https:\/\/gymieducation.com\/www\/\">Gymi Education<\/a>&nbsp;ja&nbsp;<a href=\"https:\/\/gymi.fi\/koulutus\/\">Koulutus-sivulta.<\/a><\/p>\n\n\n\n<p>Kurkkaa arviota Gymist\u00e4&nbsp;<a href=\"http:\/\/riikanblogi.fi\/gymi-taydellinen-liikuntaharrastus-lapselle\/\">Riikan blogista<\/a>.<\/p>\n\n\n\n<p>Ja juttua&nbsp;<a href=\"https:\/\/valeaiti.fi\/kokemuksia-gymi-tunneista-ja-syysleirista\/\">Vale\u00e4iti-blogista<\/a>&nbsp;sek\u00e4&nbsp;<a href=\"https:\/\/outdoorfamily.fi\/gymi\/\">Outdoor Family -blogista<\/a>.<\/p>\n\n\n\n<p><\/p>\n\n\n\n<figure class=\"wp-block-embed is-type-video is-provider-youtube wp-block-embed-youtube wp-embed-aspect-16-9 wp-has-aspect-ratio\"><div class=\"wp-block-embed__wrapper\">\n<iframe loading=\"lazy\" title=\"Gymi Vinkki -classes\" width=\"640\" height=\"360\" src=\"https:\/\/www.youtube.com\/embed\/rbsNNZgt0_Q?feature=oembed\" frameborder=\"0\" allow=\"accelerometer; autoplay; clipboard-write; encrypted-media; gyroscope; picture-in-picture; web-share\" referrerpolicy=\"strict-origin-when-cross-origin\" allowfullscreen><\/iframe>\n<\/div><\/figure>\n","protected":false},"excerpt":{"rendered":"<p>Hauskalla treenill\u00e4 kehitet\u00e4\u00e4n tasapainotaitoja ja motoriikkaa Gymi on suomalainen lasten ja nuorten liikuntakonsepti, joka aloitti toimintansa vuonna 2008 Helsingin Kampissa. [&hellip;]<\/p>\n","protected":false},"author":1,"featured_media":34,"parent":0,"menu_order":0,"comment_status":"closed","ping_status":"closed","template":"","meta":{"footnotes":""},"class_list":["post-38","page","type-page","status-publish","has-post-thumbnail","hentry"],"_links":{"self":[{"href":"https:\/\/gymi.fi\/www\/wp-json\/wp\/v2\/pages\/38","targetHints":{"allow":["GET"]}}],"collection":[{"href":"https:\/\/gymi.fi\/www\/wp-json\/wp\/v2\/pages"}],"about":[{"href":"https:\/\/gymi.fi\/www\/wp-json\/wp\/v2\/types\/page"}],"author":[{"embeddable":true,"href":"https:\/\/gymi.fi\/www\/wp-json\/wp\/v2\/users\/1"}],"replies":[{"embeddable":true,"href":"https:\/\/gymi.fi\/www\/wp-json\/wp\/v2\/comments?post=38"}],"version-history":[{"count":3,"href":"https:\/\/gymi.fi\/www\/wp-json\/wp\/v2\/pages\/38\/revisions"}],"predecessor-version":[{"id":41,"href":"https:\/\/gymi.fi\/www\/wp-json\/wp\/v2\/pages\/38\/revisions\/41"}],"wp:featuredmedia":[{"embeddable":true,"href":"https:\/\/gymi.fi\/www\/wp-json\/wp\/v2\/media\/34"}],"wp:attachment":[{"href":"https:\/\/gymi.fi\/www\/wp-json\/wp\/v2\/media?parent=38"}],"curies":[{"name":"wp","href":"https:\/\/api.w.org\/{rel}","templated":true}]}}