{"id":196,"date":"2025-03-11T17:04:38","date_gmt":"2025-03-11T15:04:38","guid":{"rendered":"https:\/\/gymi.fi\/www\/?page_id=196"},"modified":"2025-03-11T17:04:38","modified_gmt":"2025-03-11T15:04:38","slug":"media","status":"publish","type":"page","link":"https:\/\/gymi.fi\/www\/media\/","title":{"rendered":"Media"},"content":{"rendered":"\n<p>T\u00e4ll\u00e4 sivulla julkaisemme tiedotteita medialle ja kuvia median k\u00e4ytt\u00f6\u00f6n. (kuvaaja ja kuvan omistaja Gymi)<\/p>\n\n\n\n<p>Tiedotteemme l\u00f6ytyv\u00e4t alla olevista linkeist\u00e4.<\/p>\n\n\n\n<p><a href=\"https:\/\/gymi.fi\/gymi-niittykummun-toiminta-on-paattynyt\/\">Gymi Niittykummun toiminta on 13 vuoden j\u00e4lkeen t\u00e4ll\u00e4 er\u00e4\u00e4 p\u00e4\u00e4ttynyt<\/a><\/p>\n\n\n\n<p><a href=\"https:\/\/gymi.fi\/kauppakeskus-redi-irtisanoi-gymin-vuokrasopimuksen-toiminta-on-paattynyt\/\">Kauppakeskus Redi irtisanoi Gymin vuokrasopimuksen 9.3.2022<\/a><\/p>\n\n\n\n<p><a href=\"https:\/\/www.sttinfo.fi\/tiedote\/kauppakeskus-rediin-avataan-urbaani-treenikeskus-gymi-roof?publisherId=69817705&amp;releaseId=69868092&amp;fbclid=IwAR3Qdguc21ADBQXWH9T0HcgwJT19iQtoWj0qZYlfeONuCOGPlKGXjVhefbI\">Kauppakeskus Rediin avataan uusi urbaani treenialue Gymi Roof &#8211; Parkour ja Freerunning alueen suunnitteli 15-vuotias Veeti Nurmi<\/a><\/p>\n\n\n\n<p><a href=\"https:\/\/gymi.fi\/web\/wp-content\/uploads\/2018\/05\/TiedoteGymi_31052018.pdf\">Gymi laajentaa Ruotsiin ja Norjaan_ 31052018&nbsp;<\/a><\/p>\n\n\n\n<p><a href=\"https:\/\/gymi.fi\/web\/wp-content\/uploads\/2015\/06\/gymi_furniture_03_2018_tiedote.pdf\">gymi_furniture_03_2018_tiedote<\/a><\/p>\n\n\n\n<p><a href=\"https:\/\/gymi.fi\/web\/wp-content\/uploads\/2017\/08\/Pressmeddelande_Gymi_082017.pdf\">Pressmeddelande h\u00f6st 2017 Kyrksl\u00e4tt<\/a><\/p>\n\n\n\n<p><a href=\"https:\/\/gymi.fi\/web\/wp-content\/uploads\/2017\/08\/tiedote_GymiKirkkonummi_082017.pdf\">Tiedote syksy 2017 Gymi Kirkkonummi<\/a><\/p>\n\n\n\n<p><a href=\"https:\/\/gymi.fi\/web\/wp-content\/uploads\/2016\/09\/Tiedote_GymiFurniture_KOTI_0920161.pdf\">Tiedote_GymiFurniture_KOTI_092016<\/a><\/p>\n\n\n\n<p><a href=\"https:\/\/gymi.fi\/web\/wp-content\/uploads\/2016\/07\/Tiedote_GymiFurniture_KOTI_092016.pdf\" target=\"_blank\" rel=\"noreferrer noopener\">Tiedote Asuntomessut 2016<\/a><\/p>\n\n\n\n<h2 class=\"wp-block-heading\">Kuvia lehdist\u00f6lle &#8211; pyyd\u00e4th\u00e4n lis\u00e4materiaalia tarvittaessa!<\/h2>\n","protected":false},"excerpt":{"rendered":"<p>T\u00e4ll\u00e4 sivulla julkaisemme tiedotteita medialle ja kuvia median k\u00e4ytt\u00f6\u00f6n. (kuvaaja ja kuvan omistaja Gymi) Tiedotteemme l\u00f6ytyv\u00e4t alla olevista linkeist\u00e4. Gymi [&hellip;]<\/p>\n","protected":false},"author":1,"featured_media":0,"parent":0,"menu_order":0,"comment_status":"closed","ping_status":"closed","template":"","meta":{"footnotes":""},"class_list":["post-196","page","type-page","status-publish","hentry"],"_links":{"self":[{"href":"https:\/\/gymi.fi\/www\/wp-json\/wp\/v2\/pages\/196","targetHints":{"allow":["GET"]}}],"collection":[{"href":"https:\/\/gymi.fi\/www\/wp-json\/wp\/v2\/pages"}],"about":[{"href":"https:\/\/gymi.fi\/www\/wp-json\/wp\/v2\/types\/page"}],"author":[{"embeddable":true,"href":"https:\/\/gymi.fi\/www\/wp-json\/wp\/v2\/users\/1"}],"replies":[{"embeddable":true,"href":"https:\/\/gymi.fi\/www\/wp-json\/wp\/v2\/comments?post=196"}],"version-history":[{"count":1,"href":"https:\/\/gymi.fi\/www\/wp-json\/wp\/v2\/pages\/196\/revisions"}],"predecessor-version":[{"id":198,"href":"https:\/\/gymi.fi\/www\/wp-json\/wp\/v2\/pages\/196\/revisions\/198"}],"wp:attachment":[{"href":"https:\/\/gymi.fi\/www\/wp-json\/wp\/v2\/media?parent=196"}],"curies":[{"name":"wp","href":"https:\/\/api.w.org\/{rel}","templated":true}]}}