{"id":190,"date":"2025-03-11T16:54:04","date_gmt":"2025-03-11T14:54:04","guid":{"rendered":"https:\/\/gymi.fi\/www\/?page_id=190"},"modified":"2025-07-25T14:09:38","modified_gmt":"2025-07-25T11:09:38","slug":"gymi-heimo-tavoitteena-hyvinvointi-ja-vapaus","status":"publish","type":"page","link":"https:\/\/gymi.fi\/www\/koulutus\/gymi-heimo-tavoitteena-hyvinvointi-ja-vapaus\/","title":{"rendered":"Gymi\u00ae Heimo &#8211; tavoitteena hyvinvointi ja vapaus"},"content":{"rendered":"\n<p>Liikett\u00e4, tasapainoa, hyvinvointia, oppimisen iloa<\/p>\n\n\n\n<p>\u201c<em>Gymin l\u00e4mminhenkisess\u00e4 perheess\u00e4 halutaan menesty\u00e4 yhdess\u00e4!\u201d<\/em><\/p>\n\n\n<div class=\"wp-block-image\">\n<figure class=\"alignright\"><a href=\"https:\/\/gymi.fi\/web\/wp-content\/uploads\/2024\/03\/IMG_1936.jpeg\"><img decoding=\"async\" src=\"https:\/\/gymi.fi\/web\/wp-content\/uploads\/2024\/03\/IMG_1936-204x300.jpeg\" alt=\"\" class=\"wp-image-5401\"\/><\/a><\/figure>\n<\/div>\n\n\n<p>Haluatko sin\u00e4kin ohjata laadukkaita Gymi\u00ae -tunteja opetussuunnitelmamme mukaisesti ja kattavan materiaalin avulla?&nbsp; Gymi\u00ae &nbsp;-heimoon liittyess\u00e4si saat koulutuksen, tuntimallit ja sis\u00e4ll\u00f6t, tukea ja verkoston, ja voit ohjata tai kouluttaa saamiesi ty\u00f6kalujen ja tuen avulla miss\u00e4 p\u00e4in maailmaa tahansa. Voit toimia omassa fyysisess\u00e4 tilassa tai ilman omaa toimitilaa.<\/p>\n\n\n\n<p>Koulutus, valmis tavaramerkki, markkinointimateriaalit, logo, digitaalinen koulutus- ja materiaalialusta, tuki ja kannustava verkosto ovat avaimia el\u00e4m\u00e4nmuuutokseen. Heimoj\u00e4senyys vai partneriksi? Jatka lukemista, niin saat tiet\u00e4\u00e4 lis\u00e4\u00e4.<\/p>\n\n\n\n<p>J\u00e4rjest\u00e4mme webinaareja, miss\u00e4 esittelemme koulutussis\u00e4lt\u00f6j\u00e4 ja heimon toimintamallin. Lis\u00e4\u00e4mme uusia ajankohtia niiden selvitty\u00e4.&nbsp; Ilmoittaudu mukaan kuulemaan lis\u00e4\u00e4 ja keskustelemaan!<\/p>\n\n\n\n<h1 class=\"wp-block-heading\">WEBINAARIT <\/h1>\n\n\n\n<p>\u2022 Ilmoittelemme taas uusista webinaareista ja tapahtumista.<\/p>\n\n\n\n<p>Toivottavasti n\u00e4emme pian! Voit my\u00f6s olla meihin yhteydess\u00e4 s\u00e4hk\u00f6postitse: education(a)gymi.fi&nbsp;<\/p>\n\n\n\n<p>L\u00f6yd\u00e4t lis\u00e4tietoa my\u00f6s englanninkielisilt\u00e4 sivuiltamme <a href=\"http:\/\/www.gymieducation.com\">www.gymieducation.com<\/a>.<\/p>\n\n\n\n<h1 class=\"wp-block-heading\"><strong>GYMI-HEIMO<\/strong><\/h1>\n\n\n\n<p>Gymi perustettiin vuonna 2008 kun haluttiin luoda vaihtoehto urheiluseuratoiminnalle, joka hyvin usein on kilpailullista ja \u00a0suorituskeskeist\u00e4. Meid\u00e4n mielest\u00e4 liikunnan tulee olla kaikille hauskaa ja leikkimielist\u00e4. \u00a0Tavoitteet saavutetaan helpommin, kun tekeminen tapahtuu l\u00e4sn\u00e4olon ja ilon kautta. I\u00e4n mukaisilla innostavien metodien, tarinallisten tuntisuunnitelmien ja holistisen opetussuunnitelman avulla lapset p\u00e4\u00e4sev\u00e4t keski\u00f6\u00f6n ja kukoistamaan. Kun tasapaino, koordinaatio, voima ja liikkuvuus kehittyv\u00e4t, edistet\u00e4\u00e4n samalla my\u00f6s itsetuntemuksen, tietoisuuden ja hyvinvoinnin lis\u00e4\u00e4mist\u00e4.<\/p>\n\n\n\n<p>Haluamme jakaa tietotaitoamme ja toteutimme opetussuunnitelmamme, tuntisuunnitelmat ja ohjeet auttamaan opettajia, ohjaajia ja lapsia. Heimolaiset ovat niit\u00e4, jotka haluavat hy\u00f6dynt\u00e4\u00e4 koulutusta ja materiaaleja luodakseen omanlaisen el\u00e4m\u00e4n Gymi-ohjaajana tai partnerina heimossa. Jaamme heimolaisille my\u00f6s oikeudet rekister\u00f6ityyn tavaramerkkiin sek\u00e4 markkinointimateriaaliin.<\/p>\n\n\n\n<p>Liittym\u00e4ll\u00e4 Gymi-heimoon p\u00e4\u00e4set osaksi iloista l\u00e4sn\u00e4olevaa liikett\u00e4 ja koulutusta, jotain hyvin tarpeellista t\u00e4m\u00e4n p\u00e4iv\u00e4n liian paljon istuvassa yhteiskunnassa.<\/p>\n\n\n\n<h1 class=\"wp-block-heading\">MAHDOLLISUUTESI HEIMOSSA<\/h1>\n\n\n\n<p>Voit aloittaa heimon j\u00e4senen\u00e4 tai hakea Gymi-partneriksi.<\/p>\n\n\n\n<ul class=\"wp-block-list\">\n<li>Heimon j\u00e4sen on osa yhteis\u00f6\u00e4 ja opettaa Gymi-tunteja omassa toimintaymp\u00e4rist\u00f6ss\u00e4\u00e4n.<\/li>\n\n\n\n<li>Heimon partneri on oman ryhm\u00e4ns\u00e4 tai alaheimon kouluttaja ja koordinaattori ja pit\u00e4\u00e4 huolen j\u00e4senist\u00e4\u00e4n, j\u00e4rjest\u00e4\u00e4 kokoontumisia ja tapahtumia.<\/li>\n\n\n\n<li>Heimon j\u00e4senest\u00e4 voi tulla partneri my\u00f6hemm\u00e4ss\u00e4kin vaiheessa.<\/li>\n<\/ul>\n\n\n\n<h2 class=\"wp-block-heading\"><strong>GYMI-HEIMON J\u00c4SEN<\/strong><\/h2>\n\n\n\n<p>Liittym\u00e4ll\u00e4 Gymi-heimoon &nbsp;j\u00e4senen\u00e4 saat ty\u00f6kalut, joiden avulla pystyt toimimaan lasten liikunnan ohjaajana. Voit jo olla liikunnanohjaaja tai opettaja ja haluat syvent\u00e4\u00e4 osaamistasi ja keskitty\u00e4 uudenlaiseen toimintaan tai voi olla, ettei sinulla viel\u00e4 ole kokemusta lasten tuntien ohjaamisesta mutta jokin t\u00e4ss\u00e4 vet\u00e4\u00e4 puoleensa ja haluat muuttaa el\u00e4m\u00e4\u00e4si ja tehd\u00e4 merkityksellist\u00e4 ty\u00f6t\u00e4.<\/p>\n\n\n\n<h1 class=\"wp-block-heading\">MIKSI HALUAISIN GYMI-HEIMON J\u00c4SENEKSI?<\/h1>\n\n\n\n<ul class=\"wp-block-list\">\n<li>Rakastan vapautta ja haluan olla vapaa suunnittelemaan omat aikatauluni.<\/li>\n\n\n\n<li>Haluan hankkia elantoni omilla ehdoillani \u2013 joskus v\u00e4hemm\u00e4n on enemm\u00e4n.<\/li>\n\n\n\n<li>Haluan tehd\u00e4 jotain merkityksellist\u00e4 ja koen, ett\u00e4 lasten hyvinvoinnin edist\u00e4minen on kutsumukseni.<\/li>\n\n\n\n<li>Haluan olla sellaisen yhteis\u00f6n j\u00e4sen, jonka tarkoitus on edist\u00e4\u00e4 lasten hyvinvointia &#8211; ja omaani.<\/li>\n<\/ul>\n\n\n\n<h1 class=\"wp-block-heading\"><a href=\"https:\/\/gymi.fi\/web\/wp-content\/uploads\/2024\/03\/1A1C3554-scaled.jpg\"><\/a><\/h1>\n\n\n\n<h1 class=\"wp-block-heading\">MISS\u00c4 JA MITEN VOIN OHJATA JA OPETTAA LISENSOITUNA GYMI-HEIMON J\u00c4SENEN\u00c4?<\/h1>\n\n\n\n<p>Voit opettaa Gymi-tunteja p\u00e4iv\u00e4kodeissa, kouluissa, kerhoissa ja seuroissa, hotelleissa ja kuntokeskuksissa, tai miss\u00e4 tahansa haluat opettaa. Sin\u00e4 p\u00e4\u00e4t\u00e4t milloin, miss\u00e4 ja kuinka paljon opetat. Harrastamisen Suomen mallin kerhoihin haetaan vuosittain kerho-ohjaajia. Gymin kouklutus ja sis\u00e4ll\u00f6t antavat avaimet my\u00f6s koulujen kerhojen toteuttamiseen.<\/p>\n\n\n\n<h1 class=\"wp-block-heading\">LUPA OPETTAA \u2013 KOULUTUS, OPETUSSUUNNITELMA JA TUNTISIS\u00c4LL\u00d6T<\/h1>\n\n\n\n<p>Kun sinusta tulee lisensoitu Gymi-heimon j\u00e4sen, saat oikeuden opettaa Gymi-tunteja ja liikuntahetki\u00e4 joko ilman erityisv\u00e4lineit\u00e4 tai v\u00e4lineill\u00e4.<\/p>\n\n\n\n<p>Heimon j\u00e4senen\u00e4 saat ty\u00f6kalut, mink\u00e4 avulla p\u00e4\u00e4set edist\u00e4m\u00e4\u00e4n lasten terveytt\u00e4 ja hyvinvointia, keskittymiskyky\u00e4 ja oppimista omassa toimintaymp\u00e4rist\u00f6ss\u00e4si \u2013 Gymi-tyyliin.<\/p>\n\n\n\n<h2 class=\"wp-block-heading\">Ty\u00f6kalusettiisi kuuluu:<\/h2>\n\n\n\n<ul class=\"wp-block-list\">\n<li>Saat alkukoulutuksen\n<ul class=\"wp-block-list\">\n<li>miten ohjata ja opettaa lapsiryhm\u00e4\u00e4 ja seurata opetussuunnitelmaa ja ohjeita<\/li>\n\n\n\n<li>miten arvioida lapsen fyysist\u00e4, psyykkist\u00e4 ja sosiaalista tasoa<\/li>\n\n\n\n<li>miten edist\u00e4\u00e4 sis\u00e4ist\u00e4 motivaatiota ja innostaa liikkeeseen ja oppimiseen &#8211; liikkeen avulla oppiminen<\/li>\n<\/ul>\n<\/li>\n<\/ul>\n\n\n\n<ul class=\"wp-block-list\">\n<li>Saat p\u00e4\u00e4syn digitaaliseen Gymin k\u00e4sikirjaan, opetussuunnitelmaan ja sis\u00e4lt\u00f6ihin:\n<ul class=\"wp-block-list\">\n<li>satoja videoita ja harjoitteita sek\u00e4 kirjallinen opetussuunnitelma ja tuntisis\u00e4ll\u00f6t, jotka ohjaavat sinua askel kerrallaan tehden ohjaamisesta helpompaa ja hauskempaa.<\/li>\n<\/ul>\n<\/li>\n<\/ul>\n\n\n\n<ul class=\"wp-block-list\">\n<li>Saat Gymin tavaramerkin k\u00e4ytt\u00f6\u00f6si markkinoinnissa ja viestinn\u00e4ss\u00e4.<\/li>\n<\/ul>\n\n\n\n<ul class=\"wp-block-list\">\n<li>Saat markkinointi ohjeistuksen ja p\u00e4\u00e4syn markkinointimateriaaliin\n<ul class=\"wp-block-list\">\n<li>opit kuinka parhaiten l\u00e4hesty\u00e4 asiakasta<\/li>\n<\/ul>\n<\/li>\n<\/ul>\n\n\n\n<ul class=\"wp-block-list\">\n<li>Saat omat tunnuksesi, joiden avulla ohjeet ja sis\u00e4ll\u00f6t kulkevat mukanasi puhelimella, tabletilla tai tietokoneella.<\/li>\n<\/ul>\n\n\n\n<ul class=\"wp-block-list\">\n<li>Olet yhteydess\u00e4 muihin heimolaisiin ja saat tukea yhteis\u00f6st\u00e4. Lis\u00e4ksi p\u00e4\u00e4set osallistumaan s\u00e4\u00e4nn\u00f6llisiin tapaamisiin ja tapahtumiin, joita Gymin heimopartneri j\u00e4rjest\u00e4\u00e4.<\/li>\n<\/ul>\n\n\n\n<p><\/p>\n\n\n\n<figure class=\"wp-block-image\"><a href=\"https:\/\/gymi.fi\/web\/wp-content\/uploads\/2024\/03\/1A1C4726-scaled.jpg\"><img decoding=\"async\" src=\"https:\/\/gymi.fi\/web\/wp-content\/uploads\/2024\/03\/1A1C4726-300x200.jpg\" alt=\"\" class=\"wp-image-5436\"\/><\/a><\/figure>\n\n\n\n<p><strong>Hyvinvointi- ja liikunta-ala sek\u00e4 koulutusala ovat molemmat kasvavia aloja. Ihmiset etsiv\u00e4t tasapainoa ja hyvinvointia my\u00f6s lapsilleen.<\/strong> Sinulla on mahdollisuus ty\u00f6skennell\u00e4 p\u00e4iv\u00e4kodissa, koulussa, iltap\u00e4iv\u00e4kerhossa, seuratoiminnassa, matkailualalla tai monessa muussa paikassa. Tule mukaan heimoomme ja vie hauska liike sinne, miss\u00e4 lapset ovat. Tehd\u00e4\u00e4n yhdess\u00e4 maailmasta parempi paikka!<\/p>\n\n\n\n<p><\/p>\n\n\n\n<p><strong>OLE YHTEYDESS\u00c4 MEIHIN JOKO <\/strong><strong><a href=\"mailto:education@gymi.fi\">S-POSTITSE<\/a> tai soita: +358 45 3245 888<\/strong><\/p>\n\n\n\n<p><\/p>\n\n\n\n<h1 class=\"wp-block-heading\"><strong>GYMIN HEIMOPARTNERI<\/strong><\/h1>\n\n\n\n<p>Liittym\u00e4ll\u00e4 Gymi-heimoon partnerina saat ty\u00f6kalut, joiden avulla toimit kouluttajana ja koordinaattorina. &nbsp;Saatat jo olla kokenut kouluttaja tai tiimin vet\u00e4j\u00e4 tai saattaa olla, ettei sinulla viel\u00e4 ole kokemusta vastaavanlaisista teht\u00e4vist\u00e4, mutta koet vastustamatonta vetoa heimon suuntaan ja haluat tehd\u00e4 el\u00e4m\u00e4nmuutoksen ja tehd\u00e4 merkityksellisi\u00e4 asioita t\u00e4ss\u00e4 maailmassa.<\/p>\n\n\n\n<figure class=\"wp-block-image\"><a href=\"https:\/\/gymi.fi\/web\/wp-content\/uploads\/2024\/03\/kuva_koulutus.jpg\"><img decoding=\"async\" src=\"https:\/\/gymi.fi\/web\/wp-content\/uploads\/2024\/03\/kuva_koulutus-300x200.jpg\" alt=\"\" class=\"wp-image-5433\"\/><\/a><\/figure>\n\n\n\n<h1 class=\"wp-block-heading\">MIKSI HALUAISIN GYMIN HEIMOPARTNERIKSI?<\/h1>\n\n\n\n<ul class=\"wp-block-list\">\n<li>Rakastan vapautta ja haluan olla vapaa suunnittelemaan omat aikatauluni.<\/li>\n\n\n\n<li>Haluan hankkia elantoni omilla ehdoillani \u2013 joskus v\u00e4hemm\u00e4n on enemm\u00e4n.<\/li>\n\n\n\n<li>Haluan tehd\u00e4 jotain merkityksellist\u00e4 ja koen, ett\u00e4 lasten hyvinvoinnin edist\u00e4minen on kutsumukseni.<\/li>\n\n\n\n<li>Haluan olla sellaisen yhteis\u00f6n j\u00e4sen, jonka tarkoitus on edist\u00e4\u00e4 lasten hyvinvointia &#8211; ja omaani.<\/li>\n\n\n\n<li>Rakastan ihmisten ker\u00e4\u00e4mist\u00e4 yhteen, viestinn\u00e4n ja markkinoinnin teht\u00e4vi\u00e4, tapahtumien j\u00e4rjest\u00e4mist\u00e4, kouluttamista ja valmentamista, toisten ihmisten tukemista heid\u00e4n tavoitellessa tavoitteitaan.<\/li>\n<\/ul>\n\n\n\n<h1 class=\"wp-block-heading\">&nbsp;MISS\u00c4 JA MITEN VOIN TOIMIA GYMIN HEIMOPARTNERINA?<\/h1>\n\n\n\n<p>Gymin heimopartnerina valitset oman alaheimosi tai ryhm\u00e4si kielen ja kokoat ihmisi\u00e4 ryhm\u00e4\u00e4si maailmanlaajuisesti. Mit\u00e4\u00e4n maantieteellisi\u00e4 rajoja ei aseteta. Solmit heimon j\u00e4senyyssopimuksia, koulutat heimolaisiasi, j\u00e4rjest\u00e4t tapahtumia ja kokoontumisia, promoat heimoa ja ryhm\u00e4\u00e4si ja rekrytoit uusia j\u00e4seni\u00e4. Voit valita tehd\u00e4 kaiken t\u00e4m\u00e4n verkossa tai j\u00e4rjest\u00e4\u00e4 joitakin kokoontumisia my\u00f6s ihan liven\u00e4 fyysisess\u00e4 paikassa miss\u00e4 tahansa pain maailmaa. Suunnittelet omat aikataulusi.<\/p>\n\n\n\n<p>Kun l\u00f6yd\u00e4t uuden heimon j\u00e4senen ja solmit h\u00e4nen kanssaan sopimuksen, laskutat t\u00e4ss\u00e4 kohtaa h\u00e4nelt\u00e4 heimon j\u00e4sen-\/koulutusmaksun. Maksat t\u00e4st\u00e4 Gymi Groupin kanssa tekem\u00e4si sopimuksen mukaisen yhteisty\u00f6maksun Gymi Groupille eli konseptin ja tavaramerkin haltijalle.<\/p>\n\n\n\n<p>Jotta voit menesty\u00e4 Gymin heimopartnerina, kumppanuus alkaa koulutuksella, jonka Gymi Group j\u00e4rjest\u00e4\u00e4. Gymi Group antaa sinulle my\u00f6s ty\u00f6kaluja, jotka mahdollistavat teht\u00e4v\u00e4si Gymin heimopartnerina. Gymi Group on my\u00f6s tukenasi ja j\u00e4rjest\u00e4\u00e4 vuosittaisia tapahtumia&nbsp; partnereille.<\/p>\n\n\n\n<h1 class=\"wp-block-heading\">MITEN P\u00c4\u00c4ST\u00c4 GYMIN HEIMOPARTNERIKSI?<\/h1>\n\n\n\n<p>Hyvin menneen haastattelun j\u00e4lkeen sinut voidaan hyv\u00e4ksy\u00e4 Gymin heimopartneriksi, jonka j\u00e4lkeen saat koulutuksen ja ty\u00f6kalut teht\u00e4v\u00e4si menestyksekk\u00e4\u00e4seen hoitamiseen. Saat my\u00f6s tunnukset digitaaliselle koulutusalustalle, mist\u00e4 l\u00f6ytyy koulutusmateriaalit, sis\u00e4ll\u00f6t, ohjeet, markkinointimateriaalit ja erityismateriaali heimopartnereille. Voit hakea Gymi heimopartneriksi joko heimoj\u00e4senyytesi aikana tai suoraan ilman aiempaa j\u00e4senyytt\u00e4.<\/p>\n\n\n\n<p><\/p>\n\n\n\n<figure class=\"wp-block-image\"><a href=\"https:\/\/gymi.fi\/web\/wp-content\/uploads\/2024\/03\/heimo.jpg\"><img decoding=\"async\" src=\"https:\/\/gymi.fi\/web\/wp-content\/uploads\/2024\/03\/heimo-300x225.jpg\" alt=\"\" class=\"wp-image-5432\"\/><\/a><\/figure>\n\n\n\n<p><strong>Hyvinvointi- ja liikunta-ala sek\u00e4 koulutusala ovat molemmat kasvavia ihmisten etsisess\u00e4 tasapainoa ja hyvinvointia sek\u00e4 vaihtoehtoisia tapoja kouluttautua ja el\u00e4tt\u00e4\u00e4 itse\u00e4\u00e4n. <\/strong>&nbsp;Tule mukaan heimoomme ja vie hauska liike ja koulutus sinne, miss\u00e4 sit\u00e4 tarvitaan. Tehd\u00e4\u00e4n yhdess\u00e4 maailmasta parempi paikka!<\/p>\n\n\n\n<p><strong>OLE YHTEYDESS\u00c4 MEIHIN JOKO <\/strong><strong><a href=\"mailto:education@gymi.fi\">S-POSTITSE<\/a> tai soita: +358 45 3245 888<\/strong><\/p>\n\n\n\n<figure class=\"wp-block-image\"><a href=\"https:\/\/gymi.fi\/web\/wp-content\/uploads\/2024\/03\/1A1C4005.jpg\"><img decoding=\"async\" src=\"https:\/\/gymi.fi\/web\/wp-content\/uploads\/2024\/03\/1A1C4005-300x200.jpg\" alt=\"\" class=\"wp-image-5431\"\/><\/a><\/figure>\n\n\n\n<p><strong>VAIHTOEHTO: GYMI OPPIMISKESKUKSEN AVAAMINEN<\/strong><\/p>\n\n\n\n<p>On olemassa my\u00f6s vaihtoehto avata Gymin oppimiskeskus. Kun heimon j\u00e4sen tai heimopartneri etenee oman tilan haltuunottoon ja oppimiskeskuksen avaamiseen, puhumme franchisesopimuksesta. Keskus voidaan avata joko vaikkapa p\u00e4iv\u00e4kodin, sairaalan tai koulun sis\u00e4\u00e4n tai itsen\u00e4isen\u00e4 yksikk\u00f6n\u00e4 omaan liiketilaan.<\/p>\n\n\n\n<p>Kun heimolainen ottaa keskuslisenssin eli allekirjoittaa franchisesopimuksen, h\u00e4n saa kaikkien edell\u00e4mainittujen heimolaisen etujen lis\u00e4ksi liiketoiminnalista koulutusta ja konsultointia, tilan suunnittelun ja oman toimitilan tuomat edut.<\/p>\n\n\n\n<p>Franchisesopimus tuo mukanaan &nbsp;lis\u00e4sis\u00e4lt\u00f6j\u00e4 ja materiaaleja sek\u00e4 ohjeistusta oman keskuksen py\u00f6ritt\u00e4miseen.<\/p>\n\n\n\n<h1 class=\"wp-block-heading\"><a href=\"https:\/\/gymi.fi\/web\/wp-content\/uploads\/2024\/03\/1A1C3468.jpg\"><\/a><\/h1>\n","protected":false},"excerpt":{"rendered":"<p>Liikett\u00e4, tasapainoa, hyvinvointia, oppimisen iloa \u201cGymin l\u00e4mminhenkisess\u00e4 perheess\u00e4 halutaan menesty\u00e4 yhdess\u00e4!\u201d Haluatko sin\u00e4kin ohjata laadukkaita Gymi\u00ae -tunteja opetussuunnitelmamme mukaisesti ja [&hellip;]<\/p>\n","protected":false},"author":1,"featured_media":310,"parent":185,"menu_order":0,"comment_status":"closed","ping_status":"closed","template":"","meta":{"footnotes":""},"class_list":["post-190","page","type-page","status-publish","has-post-thumbnail","hentry"],"_links":{"self":[{"href":"https:\/\/gymi.fi\/www\/wp-json\/wp\/v2\/pages\/190","targetHints":{"allow":["GET"]}}],"collection":[{"href":"https:\/\/gymi.fi\/www\/wp-json\/wp\/v2\/pages"}],"about":[{"href":"https:\/\/gymi.fi\/www\/wp-json\/wp\/v2\/types\/page"}],"author":[{"embeddable":true,"href":"https:\/\/gymi.fi\/www\/wp-json\/wp\/v2\/users\/1"}],"replies":[{"embeddable":true,"href":"https:\/\/gymi.fi\/www\/wp-json\/wp\/v2\/comments?post=190"}],"version-history":[{"count":2,"href":"https:\/\/gymi.fi\/www\/wp-json\/wp\/v2\/pages\/190\/revisions"}],"predecessor-version":[{"id":337,"href":"https:\/\/gymi.fi\/www\/wp-json\/wp\/v2\/pages\/190\/revisions\/337"}],"up":[{"embeddable":true,"href":"https:\/\/gymi.fi\/www\/wp-json\/wp\/v2\/pages\/185"}],"wp:featuredmedia":[{"embeddable":true,"href":"https:\/\/gymi.fi\/www\/wp-json\/wp\/v2\/media\/310"}],"wp:attachment":[{"href":"https:\/\/gymi.fi\/www\/wp-json\/wp\/v2\/media?parent=190"}],"curies":[{"name":"wp","href":"https:\/\/api.w.org\/{rel}","templated":true}]}}