{"id":188,"date":"2025-03-11T16:52:19","date_gmt":"2025-03-11T14:52:19","guid":{"rendered":"https:\/\/gymi.fi\/www\/?page_id=188"},"modified":"2025-04-04T15:21:00","modified_gmt":"2025-04-04T12:21:00","slug":"gymi-franchising","status":"publish","type":"page","link":"https:\/\/gymi.fi\/www\/koulutus\/gymi-franchising\/","title":{"rendered":"Gymi\u00ae Franchising"},"content":{"rendered":"\n<p>Kiinnostaako sinua Gymin py\u00f6ritt\u00e4minen? Gymi-yritt\u00e4j\u00e4 toimii itsen\u00e4isesti omassa toimipisteess\u00e4\u00e4n ketjun tuki takanaan. Gymin toimipiste on liikuntasali, jossa on konseptin mukaiset v\u00e4lineet ja telineet, ja miss\u00e4 pidet\u00e4\u00e4n ohjattuja liikuntatunteja Gymin opetussuunnitelman eli k\u00e4sikirjan mukaisesti. Tarkkaan valittu v\u00e4lineist\u00f6 mahdollistaa monipuolisen konseptin mukaisen palvelutarjonnan.<\/p>\n\n\n\n<figure class=\"wp-block-embed is-type-video is-provider-vimeo wp-block-embed-vimeo\"><div class=\"wp-block-embed__wrapper\">\n<iframe loading=\"lazy\" title=\"Gymi Yritt\u00e4j\u00e4\" src=\"https:\/\/player.vimeo.com\/video\/53403413?dnt=1&amp;app_id=122963\" width=\"640\" height=\"360\" frameborder=\"0\" allow=\"autoplay; fullscreen; picture-in-picture; clipboard-write; encrypted-media\"><\/iframe>\n<\/div><\/figure>\n\n\n\n<h2 class=\"wp-block-heading\">Mit\u00e4 Gymi tarjoaa yritt\u00e4j\u00e4lle?<\/h2>\n\n\n\n<p>Ketju tarjoaa yritt\u00e4j\u00e4lle alkukoulutuksen liiketoiminnan eri osa-alueisiin ja tuotteisiin eli tuntisis\u00e4lt\u00f6ihin sek\u00e4 jatkokoulutusta. Lis\u00e4ksi ketju takaa yritt\u00e4j\u00e4lle toimintaan alueellaan yksinoikeuden. Ketju hoitaa ketjumarkkinoinnin.<\/p>\n\n\n\n<p>Ketju antaa yritt\u00e4j\u00e4lle oikeuden konseptin k\u00e4ytt\u00f6\u00f6n ja tarjoaa mm. nettisivuston, markkinointimateriaalit, yhteisen asiakkuuksien hallintaj\u00e4rjestelm\u00e4n, digitaalisen k\u00e4sikirjan opetussuunnitelmineen ja satoine videoineen sek\u00e4 mahdollisuuden monipuoliseen liikunnan alan lis\u00e4koulutukseen.<\/p>\n\n\n\n<h2 class=\"wp-block-heading\">Sopiva yritt\u00e4j\u00e4?<\/h2>\n\n\n\n<p>Haemme yritt\u00e4j\u00e4ksi henkil\u00f6\u00e4, jolla on joko kaupallinen, pedagoginen tai liikunnan alan koulutus sek\u00e4 kokemusta lasten ja nuorten liikunnan ohjaamisesta.<\/p>\n\n\n\n<p>Etsimme yritt\u00e4j\u00e4\u00e4, jonka kanssa arvomme kohtaavat. Haluamme l\u00f6yt\u00e4\u00e4 joukkoomme reippaita, yhteisty\u00f6kykyisi\u00e4 ja innostuneita ihmisi\u00e4.<\/p>\n\n\n\n<p>Kiinnostaako Gymin perustaminen? Ole yhteydess\u00e4, niin kerromme sinulle lis\u00e4\u00e4 rekrytointiprosessistamme.<\/p>\n\n\n\n<h2 class=\"wp-block-heading\">Franchise-yritt\u00e4j\u00e4ksi? Viel\u00e4k\u00f6 mietit?<\/h2>\n\n\n\n<p>Tilat, nimi, logo, kotisivut, laitteiden ja ohjelmistojen valinta, talous, riskiarvio, sisustus, viranomaisasiat ja kunnossapito ovat esimerkkej\u00e4 asioista, joiden tulee ensin olla kunnossa, kun aikoo l\u00e4hte\u00e4 yritt\u00e4j\u00e4ksi liikunta-alalla. Kun sali on avattu, vuorossa ovat muun muuassa markkinointia ja hallinnointia koskevat kysymykset ja huoli siit\u00e4, ett\u00e4 kaikkien haasteiden edess\u00e4 onkin aivan yksin.<\/p>\n\n\n\n<p>Gymi-yritt\u00e4j\u00e4n\u00e4 ei tarvitse aloittaa aivan alusta, vaan asiat on jo mietitty valmiiksi. Yksin ei tarvitse olla koskaan.<\/p>\n\n\n\n<p>Olemme apuna koko rakennusvaiheen ajan ja tarjoamme kaikki ty\u00f6kalut, joilla lasten ja nuorten kuntoklubia voidaan py\u00f6ritt\u00e4\u00e4 parhaalla mahdollisella tavalla. Koulutamme yritt\u00e4j\u00e4n aivan uudenlaisen konseptin ja ainutlaatuisten tuntisis\u00e4lt\u00f6jen saloihin.&nbsp;Lis\u00e4ksi p\u00e4\u00e4set osalliseksi tavaramerkist\u00e4, sen olemassa olevasta tunnettuudesta sek\u00e4 toimivista tuotteista ja sinulla on aina joku, jonka puoleen k\u00e4\u00e4nty\u00e4.<\/p>\n\n\n\n<p><strong>MARKKINATUTKIMUS<\/strong><br>Teemme huolellisen analyysin markkinatutkimuksista ja arvioimme, mihin Gymi kannattaa perustaa ja mit\u00e4 muita asioita ottaa huomioon. Autamme my\u00f6s l\u00f6yt\u00e4m\u00e4\u00e4n sopivat tilat.<\/p>\n\n\n\n<p><strong>LASKELMAT<\/strong><br>Teemme taloudellisen arvion yhdess\u00e4 kanssasi. Teemme yhdess\u00e4 kannattavuus- ja rahoituslaskelmia. Lis\u00e4ksi laadimme budjetin ensimm\u00e4iselle toimintavuodelle. Tarjoamme apua my\u00f6s muissa taloudellisissa asioissa.<\/p>\n\n\n\n<p><strong>RAKENNUSTY\u00d6T JA SISUSTUS<\/strong><br>Mik\u00e4li tilat vaativat remonttia tai rakentamista, konsultoimme sinua t\u00e4ss\u00e4. Suunnittelemme salin sisustuksen turvallisuustekij\u00e4t huomioiden ja autamme oikeiden telineiden ja v\u00e4lineiden tilaamisessa ja asentamisessa. Sisustussuunnitelma laaditaan niin, ett\u00e4 se tukee valmiita tuntisis\u00e4lt\u00f6j\u00e4.<\/p>\n\n\n\n<p><strong>MARKKINOINTI<\/strong><br>Tarjoamme valmiita markkinointimateriaaleja franchise-yritt\u00e4j\u00e4n k\u00e4ytt\u00f6\u00f6n ja ohjeistamme toimivan ja hy\u00f6dyllisen markkinointisuunnitelman tekemisess\u00e4 sek\u00e4 sen toteutuksessa.<\/p>\n\n\n\n<p><strong>KOULUTUS JA IT-J\u00c4RJESTELM\u00c4<\/strong><br>Opetamme konseptin mukaisen toiminnan periaatteet ja toimintamallit, tuntisis\u00e4ll\u00f6t sek\u00e4 k\u00e4yt\u00f6ss\u00e4 olevan asiakkuudenhallintaj\u00e4rjestelm\u00e4n k\u00e4yt\u00f6n. Annamme my\u00f6s myynti\u00e4, taloudenhoitoa, markkinointia, hallinnointia ja salin kunnossapitoa koskevaa ohjausta.<\/p>\n\n\n\n<p><strong>SEURANTA JA TUKITOIMET<\/strong><br>Toimintamme kehittyy jatkuvasti. Uusia tuotteita testataan aluksi ketjun toimesta, mink\u00e4 j\u00e4lkeen j\u00e4rjest\u00e4mme tuotekoulutusta yritt\u00e4jille. Yhdess\u00e4 huolehdimme mahdollisten ongelmien ratkaisusta. Gymi on l\u00e4mminhenkinen yhteis\u00f6, miss\u00e4 toinen toisiamme kannustamalla nousemme aina yhden pyk\u00e4l\u00e4n korkeammalle. Menestys ja liikunnan ilo on yhteinen.<\/p>\n\n\n\n<p>Gymi-yritt\u00e4j\u00e4 toimii itsen\u00e4isesti konseptin ja k\u00e4sikirjan toimintaohjeiden mukaisesti ja sovittuja pelis\u00e4\u00e4nt\u00f6j\u00e4 noudattaen. Ketju antaa sovittua tukea ja konseptin yritt\u00e4j\u00e4n k\u00e4ytt\u00f6\u00f6n. Yhteisty\u00f6st\u00e4 Gymi-yritt\u00e4j\u00e4 maksaa sovitun yhteisty\u00f6maksun, joka on suuruudeltaan 6-10% alvittomasta liikevaihdosta. Lis\u00e4ksi yritt\u00e4j\u00e4 maksaa markkinointimaksua, jota k\u00e4ytet\u00e4\u00e4n koko ketjun yhteisiin markkinointiin liittyviin toimenpiteisiin. Ketjuun liittymismaksu on 12000 \u20ac, mik\u00e4 maksetaan uuden yritt\u00e4j\u00e4n\/yrityksen toimesta vain kerran.<\/p>\n\n\n\n<p>Yritt\u00e4j\u00e4ksi l\u00e4hteminen vaatii aina p\u00e4\u00e4omaa. Gymi-yritt\u00e4j\u00e4ksi l\u00e4htiess\u00e4si alkuinvestoinnin m\u00e4\u00e4r\u00e4\u00e4 riippuu paljolti toimitilan koosta ja mahdollisesti muistakin tekij\u00f6ist\u00e4. Investointeihin tulee laskea niin hankittavat telineet ja v\u00e4lineet kuin mm. alkumarkkinointi ja k\u00e4ytt\u00f6p\u00e4\u00e4oma. Telineiden ja v\u00e4lineiden osuus on 20 000 \u2013 40 000 \u20ac, mik\u00e4 voidaan mahdollisesti rahoittaa leasingill\u00e4.<\/p>\n","protected":false},"excerpt":{"rendered":"<p>Kiinnostaako sinua Gymin py\u00f6ritt\u00e4minen? Gymi-yritt\u00e4j\u00e4 toimii itsen\u00e4isesti omassa toimipisteess\u00e4\u00e4n ketjun tuki takanaan. Gymin toimipiste on liikuntasali, jossa on konseptin mukaiset [&hellip;]<\/p>\n","protected":false},"author":1,"featured_media":308,"parent":185,"menu_order":0,"comment_status":"closed","ping_status":"closed","template":"","meta":{"footnotes":""},"class_list":["post-188","page","type-page","status-publish","has-post-thumbnail","hentry"],"_links":{"self":[{"href":"https:\/\/gymi.fi\/www\/wp-json\/wp\/v2\/pages\/188","targetHints":{"allow":["GET"]}}],"collection":[{"href":"https:\/\/gymi.fi\/www\/wp-json\/wp\/v2\/pages"}],"about":[{"href":"https:\/\/gymi.fi\/www\/wp-json\/wp\/v2\/types\/page"}],"author":[{"embeddable":true,"href":"https:\/\/gymi.fi\/www\/wp-json\/wp\/v2\/users\/1"}],"replies":[{"embeddable":true,"href":"https:\/\/gymi.fi\/www\/wp-json\/wp\/v2\/comments?post=188"}],"version-history":[{"count":1,"href":"https:\/\/gymi.fi\/www\/wp-json\/wp\/v2\/pages\/188\/revisions"}],"predecessor-version":[{"id":189,"href":"https:\/\/gymi.fi\/www\/wp-json\/wp\/v2\/pages\/188\/revisions\/189"}],"up":[{"embeddable":true,"href":"https:\/\/gymi.fi\/www\/wp-json\/wp\/v2\/pages\/185"}],"wp:featuredmedia":[{"embeddable":true,"href":"https:\/\/gymi.fi\/www\/wp-json\/wp\/v2\/media\/308"}],"wp:attachment":[{"href":"https:\/\/gymi.fi\/www\/wp-json\/wp\/v2\/media?parent=188"}],"curies":[{"name":"wp","href":"https:\/\/api.w.org\/{rel}","templated":true}]}}