{"id":662,"date":"2022-06-14T08:51:29","date_gmt":"2022-06-14T08:51:29","guid":{"rendered":"https:\/\/gymi.fi\/shop\/?post_type=product&#038;p=662"},"modified":"2024-12-10T00:01:33","modified_gmt":"2024-12-10T00:01:33","slug":"jatkettava-puolapuusanky-valkoinen","status":"publish","type":"product","link":"https:\/\/gymi.fi\/shop\/sv\/tuote\/jatkettava-puolapuusanky-valkoinen\/","title":{"rendered":"Utdragbar ribbstols\u00e4ng (Vit)"},"content":{"rendered":"<p>Gymi Furniture utdragbar ribbstols\u00e4ng \u00e4r vinnare i den publika r\u00f6stnigen i \u00c5rets Sport Produkt 2016 -t\u00e4vlingen i Finland!<\/p>\n<p>V\u00e5r utdragbara s\u00e4ng \u00e4r tillverkad f\u00f6r att h\u00e5llas och f\u00f6r att v\u00e4xa med er familj. Den ogiftiga av bj\u00f6rk tillverkade s\u00e4ngen \u00e4r gjord f\u00f6r bra s\u00f6mn men den g\u00f6r ocks\u00e5 naturlig r\u00f6relse, lek och tr\u00e4ning av de viktiga motoriska f\u00e4rdigheterna m\u00f6jlig.<\/p>\n<p class=\"p1\"><span class=\"s1\">Gymi Furniture s\u00e4ng \u00e4r en utdragbar s\u00e4ng med funtionalit\u00e4t i sig; \u00e4ndorna fungerar som ribbstolar. Det g\u00e5r att f\u00e4sta plankar, holmar och stegar i s\u00e4ngen f\u00f6r att bygga fina aktivitetsbanor.<\/span><span class=\"s1\"><br \/>\n<\/span><\/p>\n<p class=\"p1\">Det rymms en 80 cm bred madrass i s\u00e4ngen.<\/p>\n<p class=\"p1\">S\u00e4ngen \u00e4r tillverkad av bj\u00f6rk och den \u00e4r antingen vit lackerad (bj\u00f6rk f\u00e4rg) eller\u00a0vit m\u00e5lad &#8211; enligt ditt val.<\/p>\n<p>Alla Gymi Furniture produkterna \u00e4r ogiftiga och tillverkade enligt EU-standarder.<\/p>\n<p>S\u00e4ngens m\u00e5tt:<\/p>\n<ul>\n<li>bredare \u00e4ndan ca 91,5 cm, smalare \u00e4ndan ca 85,5 cm<\/li>\n<li>l\u00e4ngd min. 145 cm (madrass 120 cm), max 225 cm (madrass 200 cm)<\/li>\n<\/ul>\n<p class=\"p1\">Pris\u00a0: 995\u20ac + leveranskostnader<\/p>\n<p class=\"p1\">Leveranstid: 1-2 veckor om produkten finns i lager, annars 6-8 veckor<\/p>\n<p><\/p>","protected":false},"excerpt":{"rendered":"<p><img decoding=\"async\" loading=\"lazy\" class=\"alignnone size-medium wp-image-459\" src=\"https:\/\/gymi.fi\/shop\/wp-content\/uploads\/2015\/06\/sanky_habitare-2-320x240.jpeg\" alt=\"\" width=\"320\" height=\"240\" srcset=\"https:\/\/gymi.fi\/shop\/wp-content\/uploads\/2015\/06\/sanky_habitare-2-320x240.jpeg 320w, https:\/\/gymi.fi\/shop\/wp-content\/uploads\/2015\/06\/sanky_habitare-2-300x225.jpeg 300w, https:\/\/gymi.fi\/shop\/wp-content\/uploads\/2015\/06\/sanky_habitare-2-600x450.jpeg 600w, https:\/\/gymi.fi\/shop\/wp-content\/uploads\/2015\/06\/sanky_habitare-2-150x113.jpeg 150w, https:\/\/gymi.fi\/shop\/wp-content\/uploads\/2015\/06\/sanky_habitare-2-768x576.jpeg 768w, https:\/\/gymi.fi\/shop\/wp-content\/uploads\/2015\/06\/sanky_habitare-2-1024x768.jpeg 1024w, https:\/\/gymi.fi\/shop\/wp-content\/uploads\/2015\/06\/sanky_habitare-2-180x135.jpeg 180w\" sizes=\"(max-width: 320px) 100vw, 320px\" \/><\/p>\n","protected":false},"featured_media":460,"template":"","meta":[],"product_cat":[138],"product_tag":[64,65,83,44,46,37,56,39,43,38,91,47,95,54,45,36,82,93],"_links":{"self":[{"href":"https:\/\/gymi.fi\/shop\/sv\/wp-json\/wp\/v2\/product\/662"}],"collection":[{"href":"https:\/\/gymi.fi\/shop\/sv\/wp-json\/wp\/v2\/product"}],"about":[{"href":"https:\/\/gymi.fi\/shop\/sv\/wp-json\/wp\/v2\/types\/product"}],"wp:featuredmedia":[{"embeddable":true,"href":"https:\/\/gymi.fi\/shop\/sv\/wp-json\/wp\/v2\/media\/460"}],"wp:attachment":[{"href":"https:\/\/gymi.fi\/shop\/sv\/wp-json\/wp\/v2\/media?parent=662"}],"wp:term":[{"taxonomy":"product_cat","embeddable":true,"href":"https:\/\/gymi.fi\/shop\/sv\/wp-json\/wp\/v2\/product_cat?post=662"},{"taxonomy":"product_tag","embeddable":true,"href":"https:\/\/gymi.fi\/shop\/sv\/wp-json\/wp\/v2\/product_tag?post=662"}],"curies":[{"name":"wp","href":"https:\/\/api.w.org\/{rel}","templated":true}]}}