{"id":448,"date":"2018-12-04T10:42:48","date_gmt":"2018-12-04T10:42:48","guid":{"rendered":"https:\/\/gymi.fi\/shop\/?post_type=product&#038;p=448"},"modified":"2022-04-29T08:34:55","modified_gmt":"2022-04-29T08:34:55","slug":"gymin-kuperkeikkakiila","status":"publish","type":"product","link":"https:\/\/gymi.fi\/shop\/sv\/tuote\/gymin-kuperkeikkakiila\/","title":{"rendered":"Kullerbytta modul"},"content":{"rendered":"<p>Gymi kullerbytta modulen \u00e4r perfekt f\u00f6r hemmet, skolan f\u00f6rskolan or kanske din mottaning.<\/p>\n<p>Modulen \u00e4r tillverkad av skumgummi och konstl\u00e4der.<\/p>\n<p>Modulen kan anv\u00e4ndas p\u00e5 m\u00e5nga olika s\u00e4tt i lek och tr\u00e4ning. N\u00e4r modulen \u00e4r vikad ihop, fungerar den som en pall eller bord. N\u00e4r den \u00e4r en kil, kan man tr\u00e4na olika slags rullningar och kullerbyttor.<\/p>\n<p>Pris: 380\u20ac + leveranskostnader<\/p>\n<p>Leveranstid: 3-6 veckor<\/p>","protected":false},"excerpt":{"rendered":"<p>Gymi kullerbytta modulen \u00e4r perfekt f\u00f6r hemmet, skolan f\u00f6rskolan or kanske din mottaning. Modulen \u00e4r tillverkad av skumgummi och konstl\u00e4der. Modulen kan anv\u00e4ndas p\u00e5 m\u00e5nga olika s\u00e4tt i lek och tr\u00e4ning. N\u00e4r modulen \u00e4r vikad ihop, fungerar den som en pall eller bord. N\u00e4r den \u00e4r en kil, kan man tr\u00e4na olika slags rullningar och kullerbyttor. Pris: 380\u20ac + leveranskostnader [&hellip;]<\/p>\n","protected":false},"featured_media":449,"template":"","meta":[],"product_cat":[155],"product_tag":[],"_links":{"self":[{"href":"https:\/\/gymi.fi\/shop\/sv\/wp-json\/wp\/v2\/product\/448"}],"collection":[{"href":"https:\/\/gymi.fi\/shop\/sv\/wp-json\/wp\/v2\/product"}],"about":[{"href":"https:\/\/gymi.fi\/shop\/sv\/wp-json\/wp\/v2\/types\/product"}],"wp:featuredmedia":[{"embeddable":true,"href":"https:\/\/gymi.fi\/shop\/sv\/wp-json\/wp\/v2\/media\/449"}],"wp:attachment":[{"href":"https:\/\/gymi.fi\/shop\/sv\/wp-json\/wp\/v2\/media?parent=448"}],"wp:term":[{"taxonomy":"product_cat","embeddable":true,"href":"https:\/\/gymi.fi\/shop\/sv\/wp-json\/wp\/v2\/product_cat?post=448"},{"taxonomy":"product_tag","embeddable":true,"href":"https:\/\/gymi.fi\/shop\/sv\/wp-json\/wp\/v2\/product_tag?post=448"}],"curies":[{"name":"wp","href":"https:\/\/api.w.org\/{rel}","templated":true}]}}