{"id":446,"date":"2018-12-04T10:39:06","date_gmt":"2018-12-04T10:39:06","guid":{"rendered":"https:\/\/gymi.fi\/shop\/?post_type=product&#038;p=446"},"modified":"2022-04-29T08:35:17","modified_gmt":"2022-04-29T08:35:17","slug":"gymin-pieni-pehmokaari","status":"publish","type":"product","link":"https:\/\/gymi.fi\/shop\/sv\/tuote\/gymin-pieni-pehmokaari\/","title":{"rendered":"B\u00e5ge modul"},"content":{"rendered":"<p><\/p>\n<p class=\"p1\">Gymi b\u00e5ge modulen \u00e4r perfekt f\u00f6r hemmet, skolan f\u00f6rskolan eller kanske din mottaning eller kontoret!<\/p>\n<p class=\"p1\">Modulen \u00e4r tillverkad av skumgummi och konstl\u00e4der.<\/p>\n<p class=\"p1\">Modulen kan anv\u00e4ndas p\u00e5 m\u00e5nga olika s\u00e4tt i lek och tr\u00e4ning.\u00a0B\u00e5gen fungerar som tunnel eller bro i lekar. Du kan tr\u00e4na kulerbyttor, handst\u00e5ende eller bryggor med den. D\u00e5 man v\u00e4nder om modulen, fungerar den som en gunga och ett j\u00e4ttebra arbetsbord d\u00e4r du hittar m\u00e5nga olika funktionella s\u00e4tt att jobba.<\/p>\n<p>M\u00e5tt: 120 cm x 70 cm x 60 cm (h\u00f6jd)<\/p>\n<p class=\"p1\">Pris: 590\u20ac + leveranskostnader<\/p>\n<p class=\"p1\">Leveranstid: 3-6 veckor<\/p>\n<p><\/p>","protected":false},"excerpt":{"rendered":"<p>Gymi b\u00e5ge modulen \u00e4r perfekt f\u00f6r hemmet, skolan f\u00f6rskolan eller kanske din mottaning eller kontoret! Modulen \u00e4r tillverkad av skumgummi och konstl\u00e4der. Modulen kan anv\u00e4ndas p\u00e5 m\u00e5nga olika s\u00e4tt i lek och tr\u00e4ning.\u00a0B\u00e5gen fungerar som tunnel eller bro i lekar. Du kan tr\u00e4na kulerbyttor, handst\u00e5ende eller bryggor med den. D\u00e5 man v\u00e4nder om modulen, fungerar den som en gunga och [&hellip;]<\/p>\n","protected":false},"featured_media":447,"template":"","meta":[],"product_cat":[155],"product_tag":[133,77],"_links":{"self":[{"href":"https:\/\/gymi.fi\/shop\/sv\/wp-json\/wp\/v2\/product\/446"}],"collection":[{"href":"https:\/\/gymi.fi\/shop\/sv\/wp-json\/wp\/v2\/product"}],"about":[{"href":"https:\/\/gymi.fi\/shop\/sv\/wp-json\/wp\/v2\/types\/product"}],"wp:featuredmedia":[{"embeddable":true,"href":"https:\/\/gymi.fi\/shop\/sv\/wp-json\/wp\/v2\/media\/447"}],"wp:attachment":[{"href":"https:\/\/gymi.fi\/shop\/sv\/wp-json\/wp\/v2\/media?parent=446"}],"wp:term":[{"taxonomy":"product_cat","embeddable":true,"href":"https:\/\/gymi.fi\/shop\/sv\/wp-json\/wp\/v2\/product_cat?post=446"},{"taxonomy":"product_tag","embeddable":true,"href":"https:\/\/gymi.fi\/shop\/sv\/wp-json\/wp\/v2\/product_tag?post=446"}],"curies":[{"name":"wp","href":"https:\/\/api.w.org\/{rel}","templated":true}]}}