{"id":444,"date":"2018-12-04T10:06:46","date_gmt":"2018-12-04T10:06:46","guid":{"rendered":"https:\/\/gymi.fi\/shop\/?post_type=product&#038;p=444"},"modified":"2022-04-29T08:35:32","modified_gmt":"2022-04-29T08:35:32","slug":"gymin-pehmoportaat","status":"publish","type":"product","link":"https:\/\/gymi.fi\/shop\/sv\/tuote\/gymin-pehmoportaat\/","title":{"rendered":"Stegmodul"},"content":{"rendered":"<p><\/p>\n<p class=\"p1\">Gymi stegmodulen \u00e4r perfekt f\u00f6r hemmet, skolan f\u00f6rskolan or kanske din mottaning.<\/p>\n<p class=\"p1\">Modulen \u00e4r tillverkad av skumgummi och konstl\u00e4der.<\/p>\n<p class=\"p1\">Modulen kan anv\u00e4ndas p\u00e5 m\u00e5nga olika s\u00e4tt i lek och tr\u00e4ning.<\/p>\n<p>M\u00e5tt: 150 cm x 60 cm x 70 cm<\/p>\n<p class=\"p1\">Pris: 540\u20ac + leveranskostnader<\/p>\n<p class=\"p1\">Leveranstid: 3-6 veckor<\/p>\n<p>&nbsp;<\/p>","protected":false},"excerpt":{"rendered":"<p>Gymi stegmodulen \u00e4r perfekt f\u00f6r hemmet, skolan f\u00f6rskolan or kanske din mottaning. Modulen \u00e4r tillverkad av skumgummi och konstl\u00e4der. Modulen kan anv\u00e4ndas p\u00e5 m\u00e5nga olika s\u00e4tt i lek och tr\u00e4ning. M\u00e5tt: 150 cm x 60 cm x 70 cm Pris: 540\u20ac + leveranskostnader Leveranstid: 3-6 veckor &nbsp;<\/p>\n","protected":false},"featured_media":445,"template":"","meta":[],"product_cat":[155],"product_tag":[133,77],"_links":{"self":[{"href":"https:\/\/gymi.fi\/shop\/sv\/wp-json\/wp\/v2\/product\/444"}],"collection":[{"href":"https:\/\/gymi.fi\/shop\/sv\/wp-json\/wp\/v2\/product"}],"about":[{"href":"https:\/\/gymi.fi\/shop\/sv\/wp-json\/wp\/v2\/types\/product"}],"wp:featuredmedia":[{"embeddable":true,"href":"https:\/\/gymi.fi\/shop\/sv\/wp-json\/wp\/v2\/media\/445"}],"wp:attachment":[{"href":"https:\/\/gymi.fi\/shop\/sv\/wp-json\/wp\/v2\/media?parent=444"}],"wp:term":[{"taxonomy":"product_cat","embeddable":true,"href":"https:\/\/gymi.fi\/shop\/sv\/wp-json\/wp\/v2\/product_cat?post=444"},{"taxonomy":"product_tag","embeddable":true,"href":"https:\/\/gymi.fi\/shop\/sv\/wp-json\/wp\/v2\/product_tag?post=444"}],"curies":[{"name":"wp","href":"https:\/\/api.w.org\/{rel}","templated":true}]}}