{"id":21,"date":"2015-06-12T07:20:01","date_gmt":"2015-06-12T07:20:01","guid":{"rendered":"http:\/\/gymi.fi\/projects\/shop\/?post_type=product&#038;p=21"},"modified":"2024-12-10T00:01:33","modified_gmt":"2024-12-10T00:01:33","slug":"voimistelurenkaat","status":"publish","type":"product","link":"https:\/\/gymi.fi\/shop\/sv\/tuote\/voimistelurenkaat\/","title":{"rendered":"Romerska ringar"},"content":{"rendered":"<p><\/p>\n<p class=\"p1\">Gymnastikringar eller romerska ringar av tr\u00e4 som kan h\u00e4ngas fr\u00e5n taket eller en balke. 4 meter l\u00e5nga svarta remmar\u00a0tillh\u00f6r. Ringens diameter\u00a0\u00e4r 28mm.<\/p>\n<p class=\"p1\">De h\u00e4r ringarna \u00e4r bra tr\u00e4ningsringar som passar s\u00e5 v\u00e4l f\u00f6r barn som f\u00f6r vuxna &#8211; f\u00f6r lekar och tr\u00e4ning.<\/p>\n<p class=\"p1\"><span class=\"s1\">Pris: 75\u20ac +\u00a0leveranskostnader<\/span><\/p>\n<p class=\"p1\"><span class=\"s1\">Leveranstid: ca 1-4\u00a0vardagar (i de nordiska l\u00e4nderna)<\/span><\/p>\n<p><\/p>","protected":false},"excerpt":{"rendered":"<p>Gymnastikringar eller romerska ringar av tr\u00e4 som kan h\u00e4ngas fr\u00e5n taket eller en balke. 4 meter l\u00e5nga svarta remmar\u00a0tillh\u00f6r. Ringens diameter\u00a0\u00e4r 28mm. De h\u00e4r ringarna \u00e4r bra tr\u00e4ningsringar som passar s\u00e5 v\u00e4l f\u00f6r barn som f\u00f6r vuxna &#8211; f\u00f6r lekar och tr\u00e4ning. Pris: 75\u20ac +\u00a0leveranskostnader Leveranstid: ca 1-4\u00a0vardagar (i de nordiska l\u00e4nderna)<\/p>\n","protected":false},"featured_media":42,"template":"","meta":[],"product_cat":[155],"product_tag":[75,68,73,50,74,136,87,51,77,67,52],"_links":{"self":[{"href":"https:\/\/gymi.fi\/shop\/sv\/wp-json\/wp\/v2\/product\/21"}],"collection":[{"href":"https:\/\/gymi.fi\/shop\/sv\/wp-json\/wp\/v2\/product"}],"about":[{"href":"https:\/\/gymi.fi\/shop\/sv\/wp-json\/wp\/v2\/types\/product"}],"wp:featuredmedia":[{"embeddable":true,"href":"https:\/\/gymi.fi\/shop\/sv\/wp-json\/wp\/v2\/media\/42"}],"wp:attachment":[{"href":"https:\/\/gymi.fi\/shop\/sv\/wp-json\/wp\/v2\/media?parent=21"}],"wp:term":[{"taxonomy":"product_cat","embeddable":true,"href":"https:\/\/gymi.fi\/shop\/sv\/wp-json\/wp\/v2\/product_cat?post=21"},{"taxonomy":"product_tag","embeddable":true,"href":"https:\/\/gymi.fi\/shop\/sv\/wp-json\/wp\/v2\/product_tag?post=21"}],"curies":[{"name":"wp","href":"https:\/\/api.w.org\/{rel}","templated":true}]}}