{"id":662,"date":"2022-06-14T08:51:29","date_gmt":"2022-06-14T08:51:29","guid":{"rendered":"https:\/\/gymi.fi\/shop\/?post_type=product&#038;p=662"},"modified":"2024-12-10T00:01:33","modified_gmt":"2024-12-10T00:01:33","slug":"jatkettava-puolapuusanky-valkoinen","status":"publish","type":"product","link":"https:\/\/gymi.fi\/shop\/fi\/tuote\/jatkettava-puolapuusanky-valkoinen\/","title":{"rendered":"Jatkettava puolapuus\u00e4nky | valkoinen"},"content":{"rendered":"<p><\/p>\n<p class=\"p1\">Gymi Furniture\u00a0s\u00e4nky\u00a0on valmistettu koivusta, ja pintak\u00e4sittely tehty M1-luokan tuotteilla, joten se takaa hyv\u00e4t ja myrkytt\u00f6m\u00e4t y\u00f6unet. Lis\u00e4ksi s\u00e4nky kuitenkin mahdollistaa aktiivisen el\u00e4m\u00e4n, luonnollisen liikkeen ja motoristen perustaitojen harjoittelun kotona.<\/p>\n<p class=\"p1\"><span class=\"s1\">S\u00e4nky\u00a0kasvaa lapsen kasvaessa, ja siit\u00e4\u00a0voidaan my\u00f6hemmin tehd\u00e4\u00a0kerross\u00e4nky. S\u00e4nky kasvaa t\u00e4ysimittaiseksi aikuisen s\u00e4ngyksi (patja 200 cm). S\u00e4ngyn p\u00e4\u00e4dyt\u00a0toimivat puolapuina, ja niiss\u00e4 on turvallista kiipeill\u00e4 tai vaikkapa venytell\u00e4. S\u00e4ngyn p\u00e4\u00e4dyss\u00e4 kulkeviin puoliin pystyt\u00e4\u00e4n kiinnitt\u00e4m\u00e4\u00e4n kalustesarjan lankkuja, aisoja tai tikkaita.<br \/>\n<\/span><\/p>\n<p class=\"p1\">S\u00e4nkyyn sopii 80 cm leve\u00e4, kunnollinen patja. S\u00e4ngyss\u00e4 on vanerista valmistettu kest\u00e4v\u00e4 s\u00e4lepohja, joten siihen voidaan laittaa halutessa vaikkapa futoni.<\/p>\n<p>S\u00e4nky on tehty massiivikoivusta.\u00a0V\u00e4riksi voi valita valkolakatun tai valkoisen.<\/p>\n<p>S\u00e4nkyyn voi halutessaan tilata erilliset laidat.<\/p>\n<p>S\u00e4ngyn mitat:<\/p>\n<ul>\n<li>leve\u00e4mpi p\u00e4\u00e4ty n. 91,5 cm, kapeampi p\u00e4\u00e4ty n. 85,5 cm<\/li>\n<li>pituus (ulkomitta) minimiss\u00e4\u00e4n 145 cm (patja 120 cm), maksimissaan 225 cm (patja 200 cm)<\/li>\n<\/ul>\n<p class=\"p1\">Kaikki Gymi Furniture -tuotteet on\u00a0valmistettu EU-standardien mukaisesti ja ovat myrkytt\u00f6mi\u00e4 (M1-luokka).<\/p>\n<p class=\"p1\">Gymi Furniture\u00a0s\u00e4nky on vuoden 2016 Vuoden Liikuntatuotekisan yleis\u00f6\u00e4\u00e4nestyksen voittaja, ja vuonna 2020 kalustesarja valittiin arvostetussa koulutusalan tapahtumassa GESS Dubaissa parhaaksi tuotteeksi edist\u00e4m\u00e4\u00e4n terveytt\u00e4 ja liikett\u00e4 luokkahuoneessa (Best Product to Promote Health, Fitness and Sports in the Classroom).<\/p>\n<p class=\"p1\"><span class=\"s1\">Hinta: 999 \u20ac + toimituskulut<\/span><\/p>\n<p class=\"p1\"><span class=\"s1\">Toimitusaika: 1-2 viikkoa mik\u00e4li tuote l\u00f6ytyy varastosta, muussa tapauksessa 6-8\u00a0 viikkoa<\/span><\/p>\n<p><\/p>","protected":false},"excerpt":{"rendered":"<p class=\"qtranxs-available-languages-message qtranxs-available-languages-message-fi\">T\u00e4m\u00e4 teksti on valitettavasti saatavilla vain kielill\u00e4: <a href=\"https:\/\/gymi.fi\/shop\/sv\/wp-json\/wp\/v2\/product\/662\" class=\"qtranxs-available-language-link qtranxs-available-language-link-sv\" title=\"Svenska\">Ruotsi<\/a>.<\/p>\n","protected":false},"featured_media":460,"template":"","meta":[],"product_cat":[138],"product_tag":[64,65,83,44,46,37,56,39,43,38,91,47,95,54,45,36,82,93],"_links":{"self":[{"href":"https:\/\/gymi.fi\/shop\/fi\/wp-json\/wp\/v2\/product\/662"}],"collection":[{"href":"https:\/\/gymi.fi\/shop\/fi\/wp-json\/wp\/v2\/product"}],"about":[{"href":"https:\/\/gymi.fi\/shop\/fi\/wp-json\/wp\/v2\/types\/product"}],"wp:featuredmedia":[{"embeddable":true,"href":"https:\/\/gymi.fi\/shop\/fi\/wp-json\/wp\/v2\/media\/460"}],"wp:attachment":[{"href":"https:\/\/gymi.fi\/shop\/fi\/wp-json\/wp\/v2\/media?parent=662"}],"wp:term":[{"taxonomy":"product_cat","embeddable":true,"href":"https:\/\/gymi.fi\/shop\/fi\/wp-json\/wp\/v2\/product_cat?post=662"},{"taxonomy":"product_tag","embeddable":true,"href":"https:\/\/gymi.fi\/shop\/fi\/wp-json\/wp\/v2\/product_tag?post=662"}],"curies":[{"name":"wp","href":"https:\/\/api.w.org\/{rel}","templated":true}]}}