{"id":552,"date":"2021-11-10T11:39:39","date_gmt":"2021-11-10T11:39:39","guid":{"rendered":"https:\/\/gymi.fi\/shop\/?post_type=product&#038;p=552"},"modified":"2024-11-15T15:46:39","modified_gmt":"2024-11-15T15:46:39","slug":"joulukortti-10-kpl","status":"publish","type":"product","link":"https:\/\/gymi.fi\/shop\/fi\/tuote\/joulukortti-10-kpl\/","title":{"rendered":"Joulukortti 10 kpl"},"content":{"rendered":"<p>Gymin ihana A6-kokoinen joulukortti, Nina Kuu Artin taiteilemana. Kortin teksti on englanniksi, ja tilaa l\u00f6ytyy omankieliselle jouluntoivotukselle.<\/p>\n<p>10 kappaleen paketti 12\u20ac, sis\u00e4lt\u00e4\u00e4 postituskulut Pohjoismaissa.<\/p>","protected":false},"excerpt":{"rendered":"<p>Gymin ihana A6-kokoinen joulukortti, Nina Kuu Artin taiteilemana. Kortin teksti on englanniksi, ja tilaa l\u00f6ytyy omankieliselle jouluntoivotukselle. 10 kappaleen paketti 12\u20ac, sis\u00e4lt\u00e4\u00e4 postituskulut Pohjoismaissa.<\/p>\n","protected":false},"featured_media":553,"template":"","meta":[],"product_cat":[158],"product_tag":[],"_links":{"self":[{"href":"https:\/\/gymi.fi\/shop\/fi\/wp-json\/wp\/v2\/product\/552"}],"collection":[{"href":"https:\/\/gymi.fi\/shop\/fi\/wp-json\/wp\/v2\/product"}],"about":[{"href":"https:\/\/gymi.fi\/shop\/fi\/wp-json\/wp\/v2\/types\/product"}],"wp:featuredmedia":[{"embeddable":true,"href":"https:\/\/gymi.fi\/shop\/fi\/wp-json\/wp\/v2\/media\/553"}],"wp:attachment":[{"href":"https:\/\/gymi.fi\/shop\/fi\/wp-json\/wp\/v2\/media?parent=552"}],"wp:term":[{"taxonomy":"product_cat","embeddable":true,"href":"https:\/\/gymi.fi\/shop\/fi\/wp-json\/wp\/v2\/product_cat?post=552"},{"taxonomy":"product_tag","embeddable":true,"href":"https:\/\/gymi.fi\/shop\/fi\/wp-json\/wp\/v2\/product_tag?post=552"}],"curies":[{"name":"wp","href":"https:\/\/api.w.org\/{rel}","templated":true}]}}