{"id":448,"date":"2018-12-04T10:42:48","date_gmt":"2018-12-04T10:42:48","guid":{"rendered":"https:\/\/gymi.fi\/shop\/?post_type=product&#038;p=448"},"modified":"2022-04-29T08:34:55","modified_gmt":"2022-04-29T08:34:55","slug":"gymin-kuperkeikkakiila","status":"publish","type":"product","link":"https:\/\/gymi.fi\/shop\/fi\/tuote\/gymin-kuperkeikkakiila\/","title":{"rendered":"Kuperkeikkakiila"},"content":{"rendered":"<p>Gymin taitettava kuperkeikkakiila sopii niin kotiin, kouluun, p\u00e4iv\u00e4kotiin, fysioterapeutin vastaanotolle tai muuhun julkiseen tilaan.<\/p>\n<p>Kiila on napakkaa vaahtomuovia ja p\u00e4\u00e4llyste tekonahkaa.<\/p>\n<p>Kiila sopii oleiluun ja erilaisiin toiminnallisiin leikkeihin ja liikuntaan. Kokoon taitettuna kiila onkin palikka, joka toimii vaikkapa p\u00f6yt\u00e4tasona tai pallina. Kiilalla onnistuvat mm. kierimisen sek\u00e4 erilaisten kuperkeikkojen ja k\u00e4sinseisonnan harjoittelu.<\/p>\n<p>Hinta: 380 \u20ac + toimituskulut<\/p>\n<p>Toimitusaika: 3-6\u00a0 viikkoa<\/p>","protected":false},"excerpt":{"rendered":"<p>Gymin taitettava kuperkeikkakiila sopii niin kotiin, kouluun, p\u00e4iv\u00e4kotiin, fysioterapeutin vastaanotolle tai muuhun julkiseen tilaan. Kiila on napakkaa vaahtomuovia ja p\u00e4\u00e4llyste tekonahkaa. Kiila sopii oleiluun ja erilaisiin toiminnallisiin leikkeihin ja liikuntaan. Kokoon taitettuna kiila onkin palikka, joka toimii vaikkapa p\u00f6yt\u00e4tasona tai pallina. Kiilalla onnistuvat mm. kierimisen sek\u00e4 erilaisten kuperkeikkojen ja k\u00e4sinseisonnan harjoittelu. Hinta: 380 \u20ac + toimituskulut Toimitusaika: 3-6\u00a0 viikkoa<\/p>\n","protected":false},"featured_media":449,"template":"","meta":[],"product_cat":[155],"product_tag":[],"_links":{"self":[{"href":"https:\/\/gymi.fi\/shop\/fi\/wp-json\/wp\/v2\/product\/448"}],"collection":[{"href":"https:\/\/gymi.fi\/shop\/fi\/wp-json\/wp\/v2\/product"}],"about":[{"href":"https:\/\/gymi.fi\/shop\/fi\/wp-json\/wp\/v2\/types\/product"}],"wp:featuredmedia":[{"embeddable":true,"href":"https:\/\/gymi.fi\/shop\/fi\/wp-json\/wp\/v2\/media\/449"}],"wp:attachment":[{"href":"https:\/\/gymi.fi\/shop\/fi\/wp-json\/wp\/v2\/media?parent=448"}],"wp:term":[{"taxonomy":"product_cat","embeddable":true,"href":"https:\/\/gymi.fi\/shop\/fi\/wp-json\/wp\/v2\/product_cat?post=448"},{"taxonomy":"product_tag","embeddable":true,"href":"https:\/\/gymi.fi\/shop\/fi\/wp-json\/wp\/v2\/product_tag?post=448"}],"curies":[{"name":"wp","href":"https:\/\/api.w.org\/{rel}","templated":true}]}}