{"id":446,"date":"2018-12-04T10:39:06","date_gmt":"2018-12-04T10:39:06","guid":{"rendered":"https:\/\/gymi.fi\/shop\/?post_type=product&#038;p=446"},"modified":"2022-04-29T08:35:17","modified_gmt":"2022-04-29T08:35:17","slug":"gymin-pieni-pehmokaari","status":"publish","type":"product","link":"https:\/\/gymi.fi\/shop\/fi\/tuote\/gymin-pieni-pehmokaari\/","title":{"rendered":"Pieni pehmokaari"},"content":{"rendered":"<p>Gymin pieni pehmokaari sopii niin kotiin, kouluun, p\u00e4iv\u00e4kotiin, fysioterapeutin vastaanotolle tai muuhun julkiseen tilaan.<\/p>\n<p>Pehmokaari on napakkaa vaahtomuovia ja p\u00e4\u00e4llyste tekonahkaa.<\/p>\n<p>Kaari sopii oleiluun ja erilaisiin toiminnallisiin leikkeihin ja liikuntaan. Kaari toimii niin tunnelina tai siltana leikeiss\u00e4 ja venytysliikkeiss\u00e4, ja sen avulla p\u00e4\u00e4see harjoittelemaan kuperkeikkoja, k\u00e4sinseisontaa, siltakaatoja, flikkej\u00e4 ja volttikouluharjoitteita. Toisin p\u00e4in kaari toimii keinuna ja eritt\u00e4in hyv\u00e4n\u00e4 p\u00e4\u00e4tety\u00f6skentelypisteen\u00e4.<\/p>\n<p>Koko: 120 cm x 70 cm x 60 cm (korkeus)<\/p>\n<p>Hinta: 590 \u20ac<\/p>\n<p>Toimitusaika: 3-6 viikkoa<\/p>","protected":false},"excerpt":{"rendered":"<p>Gymin pieni pehmokaari sopii niin kotiin, kouluun, p\u00e4iv\u00e4kotiin, fysioterapeutin vastaanotolle tai muuhun julkiseen tilaan. Pehmokaari on napakkaa vaahtomuovia ja p\u00e4\u00e4llyste tekonahkaa. Kaari sopii oleiluun ja erilaisiin toiminnallisiin leikkeihin ja liikuntaan. Kaari toimii niin tunnelina tai siltana leikeiss\u00e4 ja venytysliikkeiss\u00e4, ja sen avulla p\u00e4\u00e4see harjoittelemaan kuperkeikkoja, k\u00e4sinseisontaa, siltakaatoja, flikkej\u00e4 ja volttikouluharjoitteita. Toisin p\u00e4in kaari toimii keinuna ja eritt\u00e4in hyv\u00e4n\u00e4 p\u00e4\u00e4tety\u00f6skentelypisteen\u00e4. Koko: [&hellip;]<\/p>\n","protected":false},"featured_media":447,"template":"","meta":[],"product_cat":[155],"product_tag":[133,77],"_links":{"self":[{"href":"https:\/\/gymi.fi\/shop\/fi\/wp-json\/wp\/v2\/product\/446"}],"collection":[{"href":"https:\/\/gymi.fi\/shop\/fi\/wp-json\/wp\/v2\/product"}],"about":[{"href":"https:\/\/gymi.fi\/shop\/fi\/wp-json\/wp\/v2\/types\/product"}],"wp:featuredmedia":[{"embeddable":true,"href":"https:\/\/gymi.fi\/shop\/fi\/wp-json\/wp\/v2\/media\/447"}],"wp:attachment":[{"href":"https:\/\/gymi.fi\/shop\/fi\/wp-json\/wp\/v2\/media?parent=446"}],"wp:term":[{"taxonomy":"product_cat","embeddable":true,"href":"https:\/\/gymi.fi\/shop\/fi\/wp-json\/wp\/v2\/product_cat?post=446"},{"taxonomy":"product_tag","embeddable":true,"href":"https:\/\/gymi.fi\/shop\/fi\/wp-json\/wp\/v2\/product_tag?post=446"}],"curies":[{"name":"wp","href":"https:\/\/api.w.org\/{rel}","templated":true}]}}