{"id":438,"date":"2018-07-17T12:59:00","date_gmt":"2018-07-17T12:59:00","guid":{"rendered":"https:\/\/gymi.fi\/shop\/?post_type=product&#038;p=438"},"modified":"2023-10-08T13:57:57","modified_gmt":"2023-10-08T13:57:57","slug":"joogaliina-2","status":"publish","type":"product","link":"https:\/\/gymi.fi\/shop\/fi\/tuote\/joogaliina-2\/","title":{"rendered":"Joogaliina (vain kangas)"},"content":{"rendered":"<p>Ihana joogaliina tai joogasilkki nelj\u00e4ss\u00e4 eri v\u00e4riss\u00e4:<\/p>\n<ul>\n<li>harmaa<\/li>\n<li>laivastonsininen<\/li>\n<li>valkoinen<\/li>\n<li>musta<\/li>\n<\/ul>\n<p>Joogaliina sopii niin kotiin tai m\u00f6kille kuin ty\u00f6paikalle, kouluun tai p\u00e4iv\u00e4kotiin. Joogaliinan voi my\u00f6s ottaa mukaan ja ripustaa vaikkapa puuhun. Se mahdollistaa ilmajoogan harjoitteet mutta my\u00f6s ihanan rentouttavan oleilun. Lepohetki joogaliinan sis\u00e4ll\u00e4 on eritt\u00e4in rentouttava ja rauhoittava.<\/p>\n<p>Joogaliinan mitat 6 m x 2,8 m &#8211; kangasta ei siis ole s\u00e4\u00e4stelty! T\u00e4m\u00e4 mitta mahdollistaa monipuolisen harjoittelun ja kankaan kiinnitt\u00e4misen eri korkuisiin huoneisiin.\u00a0Liinan korkeutta voidaan s\u00e4\u00e4dell\u00e4 solmuilla. Mik\u00e4li olet kiinnostunut viel\u00e4kin pidemm\u00e4st\u00e4 liinasta (8 m), ole yhteydess\u00e4 s\u00e4hk\u00f6postitse.<\/p>\n<p>HUOM! T\u00e4h\u00e4n tuotteeseen ei kuulu kasilenkki\u00e4 eik\u00e4 solmurenkaita, joten sinulla t\u00e4ytyy olla omasta takaa joku kiinnityssysteemi. Huomaathan, ett\u00e4 valikoimista l\u00f6ytyy my\u00f6s tuote, mihin kuuluu joko kasilenkki tai solmurenkaat ja karabiini.<\/p>\n<p>Mainitsethan haluamasi liinan v\u00e4rin tilausta tehdess\u00e4si.<\/p>\n<p>Oheita solmujen tekemiseen l\u00f6yd\u00e4t esimerkiksi t\u00e4\u00e4lt\u00e4<br \/>\nSolmurenkaat:<br \/>\n<iframe loading=\"lazy\" title=\"How to tie knots for an aerial yoga hammock\" width=\"640\" height=\"480\" src=\"https:\/\/www.youtube.com\/embed\/OSTSyhXDle0?feature=oembed\" frameborder=\"0\" allow=\"accelerometer; autoplay; clipboard-write; encrypted-media; gyroscope; picture-in-picture; web-share\" allowfullscreen><\/iframe><br \/>\n8-lenkki:<br \/>\n<iframe loading=\"lazy\" title=\"Tie an aerial sling (hammock) onto a rescue 8\" width=\"640\" height=\"360\" src=\"https:\/\/www.youtube.com\/embed\/82PupO7DZ7k?feature=oembed\" frameborder=\"0\" allow=\"accelerometer; autoplay; clipboard-write; encrypted-media; gyroscope; picture-in-picture; web-share\" allowfullscreen><\/iframe><\/p>\n<p>&nbsp;<\/p>","protected":false},"excerpt":{"rendered":"<p>Ihana joogaliina tai joogasilkki nelj\u00e4ss\u00e4 eri v\u00e4riss\u00e4: harmaa laivastonsininen valkoinen musta Joogaliina sopii niin kotiin tai m\u00f6kille kuin ty\u00f6paikalle, kouluun tai p\u00e4iv\u00e4kotiin. Joogaliinan voi my\u00f6s ottaa mukaan ja ripustaa vaikkapa puuhun. Se mahdollistaa ilmajoogan harjoitteet mutta my\u00f6s ihanan rentouttavan oleilun. Lepohetki joogaliinan sis\u00e4ll\u00e4 on eritt\u00e4in rentouttava ja rauhoittava. Joogaliinan mitat 6 m x 2,8 m &#8211; kangasta ei siis ole [&hellip;]<\/p>\n","protected":false},"featured_media":599,"template":"","meta":[],"product_cat":[147],"product_tag":[114,112,113,132],"_links":{"self":[{"href":"https:\/\/gymi.fi\/shop\/fi\/wp-json\/wp\/v2\/product\/438"}],"collection":[{"href":"https:\/\/gymi.fi\/shop\/fi\/wp-json\/wp\/v2\/product"}],"about":[{"href":"https:\/\/gymi.fi\/shop\/fi\/wp-json\/wp\/v2\/types\/product"}],"wp:featuredmedia":[{"embeddable":true,"href":"https:\/\/gymi.fi\/shop\/fi\/wp-json\/wp\/v2\/media\/599"}],"wp:attachment":[{"href":"https:\/\/gymi.fi\/shop\/fi\/wp-json\/wp\/v2\/media?parent=438"}],"wp:term":[{"taxonomy":"product_cat","embeddable":true,"href":"https:\/\/gymi.fi\/shop\/fi\/wp-json\/wp\/v2\/product_cat?post=438"},{"taxonomy":"product_tag","embeddable":true,"href":"https:\/\/gymi.fi\/shop\/fi\/wp-json\/wp\/v2\/product_tag?post=438"}],"curies":[{"name":"wp","href":"https:\/\/api.w.org\/{rel}","templated":true}]}}