{"id":361,"date":"2017-02-04T10:53:59","date_gmt":"2017-02-04T10:53:59","guid":{"rendered":"https:\/\/gymi.fi\/shop\/?post_type=product&#038;p=361"},"modified":"2024-12-14T00:00:55","modified_gmt":"2024-12-14T00:00:55","slug":"gymi-furniture-loft","status":"publish","type":"product","link":"https:\/\/gymi.fi\/shop\/fi\/tuote\/gymi-furniture-loft\/","title":{"rendered":"Parvis\u00e4nky puolapuup\u00e4\u00e4dyill\u00e4"},"content":{"rendered":"<p><\/p>\n<p class=\"p1\">Gymi Furniture\u00a0s\u00e4nky on vuoden 2016 Vuoden Liikuntatuotekisan yleis\u00f6\u00e4\u00e4nestyksen voittaja, ja vuonna 2020 kalustesarja valittiin arvostetussa koulutusalan tapahtumassa GESS Dubaissa parhaaksi tuotteeksi edist\u00e4m\u00e4\u00e4n terveytt\u00e4 ja liikett\u00e4 luokkahuoneessa (Best Product to Promote Health, Fitness and Sports in the Classroom).<\/p>\n<p class=\"p1\"><span class=\"s1\">Puolapuuparvi kuuluu Gymi Furniture toiminnallisten s\u00e4nkyjen perheeseen.\u00a0S\u00e4ngyn p\u00e4\u00e4dyt\u00a0toimivat puolapuina. P<\/span><span class=\"s1\">\u00e4\u00e4dyss\u00e4 oleviin sek\u00e4 s\u00e4ngyn tikkaissa kulkeviin puoliin voit kiinnitt\u00e4\u00e4\u00a0kalustesarjan lankkuja, aisoja ja\u00a0tikkaita. Kuten kaikki Gymi Furniture -tuotteiden puolat, ovat parven puolat py\u00f6reit\u00e4 ja niit\u00e4 on tarpeeksi tihe\u00e4sti, mik\u00e4 takaa hyv\u00e4n ja mukavan otteen, monipuoliset harjoittelumahdollisuudet sek\u00e4 turvallisuuden.<\/span><\/p>\n<p class=\"p1\">Puolapuuparvi on eritt\u00e4in tukeva. S\u00e4ngyn pohja on hengitt\u00e4v\u00e4 s\u00e4lepohja. S\u00e4nkyyn sopii 80 cm leve\u00e4, kunnollinen patja. Patjan pituus 200 cm.<\/p>\n<p>S\u00e4nky on tehty massiivikoivusta.\u00a0V\u00e4ri koivu (valkolakattu, jotta vaalea koivun s\u00e4vy s\u00e4ilyy).<\/p>\n<p>S\u00e4ngyn ulkomitat:<\/p>\n<ul>\n<li>leveys noin 86 cm (tikkaista tulee lis\u00e4leveytt\u00e4 noin 11 cm)<\/li>\n<li>pituus noin 230 cm<\/li>\n<li>s\u00e4ngyn korkeus puolapuup\u00e4\u00e4dyiss\u00e4 noin 200 cm<\/li>\n<\/ul>\n<p class=\"p1\">Kaikki Gymi Furniture -tuotteet on\u00a0valmistettu EU-standardien mukaisesti ja ovat myrkytt\u00f6mi\u00e4 (M1 luokka).<\/p>\n<p class=\"p1\">Hinta: 1499\u20ac + toimituskulut<\/p>\n<p class=\"p1\">Toimitusaika 6-8 viikkoa.<\/p>\n<p><\/p>","protected":false},"excerpt":{"rendered":"<p>Gymi Furniture\u00a0s\u00e4nky on vuoden 2016 Vuoden Liikuntatuotekisan yleis\u00f6\u00e4\u00e4nestyksen voittaja, ja vuonna 2020 kalustesarja valittiin arvostetussa koulutusalan tapahtumassa GESS Dubaissa parhaaksi tuotteeksi edist\u00e4m\u00e4\u00e4n terveytt\u00e4 ja liikett\u00e4 luokkahuoneessa (Best Product to Promote Health, Fitness and Sports in the Classroom). Puolapuuparvi kuuluu Gymi Furniture toiminnallisten s\u00e4nkyjen perheeseen.\u00a0S\u00e4ngyn p\u00e4\u00e4dyt\u00a0toimivat puolapuina. P\u00e4\u00e4dyss\u00e4 oleviin sek\u00e4 s\u00e4ngyn tikkaissa kulkeviin puoliin voit kiinnitt\u00e4\u00e4\u00a0kalustesarjan lankkuja, aisoja ja\u00a0tikkaita. Kuten kaikki [&hellip;]<\/p>\n","protected":false},"featured_media":362,"template":"","meta":[],"product_cat":[155,138],"product_tag":[106,105,104,91,47,94,95,109,108,107,78],"_links":{"self":[{"href":"https:\/\/gymi.fi\/shop\/fi\/wp-json\/wp\/v2\/product\/361"}],"collection":[{"href":"https:\/\/gymi.fi\/shop\/fi\/wp-json\/wp\/v2\/product"}],"about":[{"href":"https:\/\/gymi.fi\/shop\/fi\/wp-json\/wp\/v2\/types\/product"}],"wp:featuredmedia":[{"embeddable":true,"href":"https:\/\/gymi.fi\/shop\/fi\/wp-json\/wp\/v2\/media\/362"}],"wp:attachment":[{"href":"https:\/\/gymi.fi\/shop\/fi\/wp-json\/wp\/v2\/media?parent=361"}],"wp:term":[{"taxonomy":"product_cat","embeddable":true,"href":"https:\/\/gymi.fi\/shop\/fi\/wp-json\/wp\/v2\/product_cat?post=361"},{"taxonomy":"product_tag","embeddable":true,"href":"https:\/\/gymi.fi\/shop\/fi\/wp-json\/wp\/v2\/product_tag?post=361"}],"curies":[{"name":"wp","href":"https:\/\/api.w.org\/{rel}","templated":true}]}}