{"id":19,"date":"2015-06-12T07:19:40","date_gmt":"2015-06-12T07:19:40","guid":{"rendered":"http:\/\/gymi.fi\/projects\/shop\/?post_type=product&#038;p=19"},"modified":"2024-04-15T00:01:46","modified_gmt":"2024-04-15T00:01:46","slug":"box_big","status":"publish","type":"product","link":"https:\/\/gymi.fi\/shop\/fi\/tuote\/box_big\/","title":{"rendered":"Boksi"},"content":{"rendered":"<p><\/p>\n<p class=\"p1\"><span class=\"s1\">Boksi on toiminnallinen laatikko, johon saadaan kiinnitetty\u00e4 lankkuja, aisoja ja tikkaita. Se toimii niin tasona (p\u00f6yt\u00e4, palli tms) kuin hyppyharjoitepaikkana. Bokseja voi koota p\u00e4\u00e4llekk\u00e4in, jolloin esim. aisan korkeutta voidaan s\u00e4\u00e4t\u00e4\u00e4 korkeammaksi. Boksia voi halutessaan k\u00e4ytt\u00e4\u00e4 my\u00f6s s\u00e4ilytyslaatikkona. T\u00e4ss\u00e4 isommassa boksissa\u00a0kansi on kiinni rungossa. Boksiin voi halutessa s\u00e4il\u00f6\u00e4 tavaraa alakautta, koska siin\u00e4 ei ole pohjaa.<\/span><\/p>\n<p class=\"p1\">Boksi\u00a0on valmistettu koivusta ja pintak\u00e4sitelty valkolakalla, ja sen pinta on helposti puhtaana pidett\u00e4v\u00e4\u00e4, valkoista laminaattia.<\/p>\n<p class=\"p1\">Kaikki Gymi Furniture -tuotteet ovat EU-standardien mukaan valmistettuja ja myrkytt\u00f6mi\u00e4.<\/p>\n<p class=\"p1\">Gymi Furniture\u00a0s\u00e4nky on vuoden 2016 Vuoden Liikuntatuotekisan yleis\u00f6\u00e4\u00e4nestyksen voittaja, ja vuonna 2020 kalustesarja valittiin arvostetussa koulutusalan tapahtumassa GESS Dubaissa parhaaksi tuotteeksi edist\u00e4m\u00e4\u00e4n terveytt\u00e4 ja liikett\u00e4 luokkahuoneessa (Best Product to Promote Health, Fitness and Sports in the Classroom).<\/p>\n<p class=\"p1\"><span class=\"s2\">Mitat: n. 700<\/span>\u00a0x 460 x 470 mm<\/p>\n<p class=\"p1\"><span class=\"s1\">Hinta: 580 \u20ac + toimituskulut<\/span><\/p>\n<p class=\"p1\"><span class=\"s1\">Toimitusaika: 1-2 viikkoa mik\u00e4li tuote l\u00f6ytyy varastosta, muussa tapauksessa 6-8 viikkoa<\/span><\/p>\n<div class=\"sharify-container\"><\/div>\n<p><\/p>","protected":false},"excerpt":{"rendered":"<p>Boksi on toiminnallinen laatikko, johon saadaan kiinnitetty\u00e4 lankkuja, aisoja ja tikkaita. Se toimii niin tasona (p\u00f6yt\u00e4, palli tms) kuin hyppyharjoitepaikkana. Bokseja voi koota p\u00e4\u00e4llekk\u00e4in, jolloin esim. aisan korkeutta voidaan s\u00e4\u00e4t\u00e4\u00e4 korkeammaksi. Boksia voi halutessaan k\u00e4ytt\u00e4\u00e4 my\u00f6s s\u00e4ilytyslaatikkona. T\u00e4ss\u00e4 isommassa boksissa\u00a0kansi on kiinni rungossa. Boksiin voi halutessa s\u00e4il\u00f6\u00e4 tavaraa alakautta, koska siin\u00e4 ei ole pohjaa. Boksi\u00a0on valmistettu koivusta ja pintak\u00e4sitelty valkolakalla, [&hellip;]<\/p>\n","protected":false},"featured_media":369,"template":"","meta":[],"product_cat":[155],"product_tag":[44,46,37,39,43,38,45,36],"_links":{"self":[{"href":"https:\/\/gymi.fi\/shop\/fi\/wp-json\/wp\/v2\/product\/19"}],"collection":[{"href":"https:\/\/gymi.fi\/shop\/fi\/wp-json\/wp\/v2\/product"}],"about":[{"href":"https:\/\/gymi.fi\/shop\/fi\/wp-json\/wp\/v2\/types\/product"}],"wp:featuredmedia":[{"embeddable":true,"href":"https:\/\/gymi.fi\/shop\/fi\/wp-json\/wp\/v2\/media\/369"}],"wp:attachment":[{"href":"https:\/\/gymi.fi\/shop\/fi\/wp-json\/wp\/v2\/media?parent=19"}],"wp:term":[{"taxonomy":"product_cat","embeddable":true,"href":"https:\/\/gymi.fi\/shop\/fi\/wp-json\/wp\/v2\/product_cat?post=19"},{"taxonomy":"product_tag","embeddable":true,"href":"https:\/\/gymi.fi\/shop\/fi\/wp-json\/wp\/v2\/product_tag?post=19"}],"curies":[{"name":"wp","href":"https:\/\/api.w.org\/{rel}","templated":true}]}}