{"id":17,"date":"2015-06-12T07:19:19","date_gmt":"2015-06-12T07:19:19","guid":{"rendered":"http:\/\/gymi.fi\/projects\/shop\/?post_type=product&#038;p=17"},"modified":"2024-04-15T00:01:45","modified_gmt":"2024-04-15T00:01:45","slug":"puolapuut_koivunvarisena","status":"publish","type":"product","link":"https:\/\/gymi.fi\/shop\/fi\/tuote\/puolapuut_koivunvarisena\/","title":{"rendered":"Puolapuut koivunv\u00e4risen\u00e4"},"content":{"rendered":"<p><\/p>\n<p class=\"p1\"><span class=\"s1\">Kaksimetriset Gymi Furniture puolapuut asennat\u00a0sein\u00e4\u00e4n liikuttamaan perhett\u00e4si mutta my\u00f6s sisustukselliseksi elementiksi. Massiivipuiset puolapuut ovat kauniit niin kotiin, kouluun kuin vaikkapa ty\u00f6paikalle.<\/span><\/p>\n<p class=\"p1\"><span class=\"s1\">Gymi Furniture -puolapuihin saadaan kiinnitetty\u00e4 kalustesarjan tikkaita, lankkuja ja aisoja. Puolien v\u00e4li on tihe\u00e4 (13 cm puolan keskelt\u00e4 seuraavan puolan keskelle mitattuna) eik\u00e4 puolien m\u00e4\u00e4r\u00e4ss\u00e4 ole s\u00e4\u00e4stelty (14 kpl). T\u00e4m\u00e4 mahdollistaa monipuolisen harjoittelun ja lankkujen, aisojen ja tikkaiden asettamisen eri korkeuksille. Lis\u00e4ksi tihe\u00e4 puolav\u00e4li helpottaa perheen pienimpien kiipeily\u00e4 ja tekee kiipeilyst\u00e4 turvallista.\u00a0<\/span>Kahden ylimm\u00e4n puolan v\u00e4li on kaksinkertainen, mik\u00e4 helpottaa harjoittelua ja liikkeit\u00e4 ylimm\u00e4ll\u00e4 puolalla.<\/p>\n<p class=\"p1\">Gymi Furniture puolapuiden puola on py\u00f6re\u00e4 sen takia, ett\u00e4 se tuntuu paremmalta k\u00e4dess\u00e4 ja siit\u00e4 saa paremman otteen &#8211; my\u00f6s perheen pienimm\u00e4t saavat pienill\u00e4 k\u00e4sill\u00e4\u00e4n otteen py\u00f6re\u00e4st\u00e4 puolasta.<\/p>\n<p class=\"p1\">Gymi Furniture puolapuita sinun ei tarvitse itse rakentaa! Yksiosaiset puolapuut toimitetaan valmiiksi rakennettuina; sinun hommasi on\u00a0vain asentaa ne sein\u00e4\u00e4n.<\/p>\n<p class=\"p1\">Puolapuut\u00a0on valmistettu massiivikoivusta.\u00a0Voit tilata tuotteen joko valkolakattuna (koivu) tai valkoisena.<\/p>\n<p class=\"p1\">Kaikki Gymi Furniture -tuotteet ovat EU-standardien mukaan valmistettuja ja myrkytt\u00f6mi\u00e4 (M1-luokka).<\/p>\n<p class=\"p1\">Gymi Furniture\u00a0s\u00e4nky on vuoden 2016 Vuoden Liikuntatuotekisan yleis\u00f6\u00e4\u00e4nestyksen voittaja, ja vuonna 2020 kalustesarja valittiin arvostetussa koulutusalan tapahtumassa GESS Dubaissa parhaaksi tuotteeksi edist\u00e4m\u00e4\u00e4n terveytt\u00e4 ja liikett\u00e4 luokkahuoneessa (Best Product to Promote Health, Fitness and Sports in the Classroom).<\/p>\n<p class=\"p2\"><span class=\"s2\">Mitat:<\/span><\/p>\n<ul>\n<li class=\"p2\">korkeus 200 cm<\/li>\n<li class=\"p2\">leveys 78 cm<\/li>\n<li class=\"p2\">paksuus sein\u00e4st\u00e4 15 cm<\/li>\n<\/ul>\n<p class=\"p1\"><span class=\"s1\">Hinta: norm 479 \u20ac + toimituskulut<\/span><\/p>\n<p class=\"p1\"><span class=\"s1\">Toimitusaika: 1-2 viikkoa tai v\u00e4rin loppuessa varastosta 6-8 viikkoa<\/span><\/p>\n<p class=\"p1\">\n<p><\/p>","protected":false},"excerpt":{"rendered":"<p>Kaksimetriset Gymi Furniture puolapuut asennat\u00a0sein\u00e4\u00e4n liikuttamaan perhett\u00e4si mutta my\u00f6s sisustukselliseksi elementiksi. Massiivipuiset puolapuut ovat kauniit niin kotiin, kouluun kuin vaikkapa ty\u00f6paikalle. Gymi Furniture -puolapuihin saadaan kiinnitetty\u00e4 kalustesarjan tikkaita, lankkuja ja aisoja. Puolien v\u00e4li on tihe\u00e4 (13 cm puolan keskelt\u00e4 seuraavan puolan keskelle mitattuna) eik\u00e4 puolien m\u00e4\u00e4r\u00e4ss\u00e4 ole s\u00e4\u00e4stelty (14 kpl). T\u00e4m\u00e4 mahdollistaa monipuolisen harjoittelun ja lankkujen, aisojen ja tikkaiden asettamisen [&hellip;]<\/p>\n","protected":false},"featured_media":363,"template":"","meta":[],"product_cat":[155],"product_tag":[44,46,72,37,39,43,38,47,80,45,79,36,77,67,78],"_links":{"self":[{"href":"https:\/\/gymi.fi\/shop\/fi\/wp-json\/wp\/v2\/product\/17"}],"collection":[{"href":"https:\/\/gymi.fi\/shop\/fi\/wp-json\/wp\/v2\/product"}],"about":[{"href":"https:\/\/gymi.fi\/shop\/fi\/wp-json\/wp\/v2\/types\/product"}],"wp:featuredmedia":[{"embeddable":true,"href":"https:\/\/gymi.fi\/shop\/fi\/wp-json\/wp\/v2\/media\/363"}],"wp:attachment":[{"href":"https:\/\/gymi.fi\/shop\/fi\/wp-json\/wp\/v2\/media?parent=17"}],"wp:term":[{"taxonomy":"product_cat","embeddable":true,"href":"https:\/\/gymi.fi\/shop\/fi\/wp-json\/wp\/v2\/product_cat?post=17"},{"taxonomy":"product_tag","embeddable":true,"href":"https:\/\/gymi.fi\/shop\/fi\/wp-json\/wp\/v2\/product_tag?post=17"}],"curies":[{"name":"wp","href":"https:\/\/api.w.org\/{rel}","templated":true}]}}