{"id":166,"date":"2015-10-26T15:44:24","date_gmt":"2015-10-26T15:44:24","guid":{"rendered":"https:\/\/gymi.fi\/shop\/?post_type=product&#038;p=166"},"modified":"2024-04-15T00:01:45","modified_gmt":"2024-04-15T00:01:45","slug":"parallettes","status":"publish","type":"product","link":"https:\/\/gymi.fi\/shop\/fi\/tuote\/parallettes\/","title":{"rendered":"Pikkupuut &#8211; punnerruskahvat"},"content":{"rendered":"<p>Gymi Furniture pikkupuut\u00a0ovat valmistettu k\u00e4sity\u00f6n\u00e4 suomalaisesta koivusta. Ne tuovat\u00a0monipuolisia harjoittelumahdollisuuksia niin kehonpainoharjoitteluun kuin joogaan tai k\u00e4sinseisontaharjoitteisiin. Pikkupuut mahtuvat pieneenkin matkalaukkuun, joten ne mahdollistavat\u00a0harjoittelun my\u00f6s matkoilla.<\/p>\n<p>Pintak\u00e4sittelyn\u00e4 on valkolakka.<\/p>\n<p>Koko: n. 220 mm (puupalikan kokonaisuuspituus),\u00a0n. 95 mm\u00a0(puupalikan korkeus)<\/p>\n<p>Hinta: 109 \u20ac + toimituskulut\u00a0(10 \u20ac Suomessa) (sis\u00e4lt\u00e4\u00e4 kaksi puupalikkaa)<\/p>\n<p class=\"p1\"><span class=\"s1\">Toimitusaika noin 4-7 arkip\u00e4iv\u00e4\u00e4.<br \/>\n<\/span><\/p>\n<p>&nbsp;<\/p>","protected":false},"excerpt":{"rendered":"<p>Gymi Furniture pikkupuut\u00a0ovat valmistettu k\u00e4sity\u00f6n\u00e4 suomalaisesta koivusta. Ne tuovat\u00a0monipuolisia harjoittelumahdollisuuksia niin kehonpainoharjoitteluun kuin joogaan tai k\u00e4sinseisontaharjoitteisiin. Pikkupuut mahtuvat pieneenkin matkalaukkuun, joten ne mahdollistavat\u00a0harjoittelun my\u00f6s matkoilla. Pintak\u00e4sittelyn\u00e4 on valkolakka. Koko: n. 220 mm (puupalikan kokonaisuuspituus),\u00a0n. 95 mm\u00a0(puupalikan korkeus) Hinta: 109 \u20ac + toimituskulut\u00a0(10 \u20ac Suomessa) (sis\u00e4lt\u00e4\u00e4 kaksi puupalikkaa) Toimitusaika noin 4-7 arkip\u00e4iv\u00e4\u00e4. &nbsp;<\/p>\n","protected":false},"featured_media":390,"template":"","meta":[],"product_cat":[155],"product_tag":[68,66,48,49,67],"_links":{"self":[{"href":"https:\/\/gymi.fi\/shop\/fi\/wp-json\/wp\/v2\/product\/166"}],"collection":[{"href":"https:\/\/gymi.fi\/shop\/fi\/wp-json\/wp\/v2\/product"}],"about":[{"href":"https:\/\/gymi.fi\/shop\/fi\/wp-json\/wp\/v2\/types\/product"}],"wp:featuredmedia":[{"embeddable":true,"href":"https:\/\/gymi.fi\/shop\/fi\/wp-json\/wp\/v2\/media\/390"}],"wp:attachment":[{"href":"https:\/\/gymi.fi\/shop\/fi\/wp-json\/wp\/v2\/media?parent=166"}],"wp:term":[{"taxonomy":"product_cat","embeddable":true,"href":"https:\/\/gymi.fi\/shop\/fi\/wp-json\/wp\/v2\/product_cat?post=166"},{"taxonomy":"product_tag","embeddable":true,"href":"https:\/\/gymi.fi\/shop\/fi\/wp-json\/wp\/v2\/product_tag?post=166"}],"curies":[{"name":"wp","href":"https:\/\/api.w.org\/{rel}","templated":true}]}}