{"id":16,"date":"2015-06-12T07:19:07","date_gmt":"2015-06-12T07:19:07","guid":{"rendered":"http:\/\/gymi.fi\/projects\/shop\/?post_type=product&#038;p=16"},"modified":"2024-04-15T00:01:46","modified_gmt":"2024-04-15T00:01:46","slug":"tikkaat","status":"publish","type":"product","link":"https:\/\/gymi.fi\/shop\/fi\/tuote\/tikkaat\/","title":{"rendered":"Tikkaat"},"content":{"rendered":"<p><\/p>\n<p class=\"p1\"><span class=\"s1\">Gymi Furniture tikkaat\u00a0ovat jo itsess\u00e4\u00e4n oiva v\u00e4line tasapainoiluun ja kiipeilyyn. \u00a0Ne voidaan yhdist\u00e4\u00e4\u00a0s\u00e4nkyyn, puolapuihin ja bokseihin. Tikkaita voidaan k\u00e4ytt\u00e4\u00e4 my\u00f6s erikseen lattialla.<\/span><\/p>\n<p class=\"p1\">Tikkaat\u00a0on valmistettu koivusta, ja ne on valkolakatut.<\/p>\n<p>Kaikki Gymi Furniture -tuotteet on\u00a0valmistettu EU-standardien mukaisesti ja ovat myrkytt\u00f6mi\u00e4 (M1-luokka).<\/p>\n<p class=\"p1\">Gymi Furniture\u00a0s\u00e4nky on vuoden 2016 Vuoden Liikuntatuotekisan yleis\u00f6\u00e4\u00e4nestyksen voittaja, ja vuonna 2020 kalustesarja valittiin arvostetussa koulutusalan tapahtumassa GESS Dubaissa parhaaksi tuotteeksi edist\u00e4m\u00e4\u00e4n terveytt\u00e4 ja liikett\u00e4 luokkahuoneessa (Best Product to Promote Health, Fitness and Sports in the Classroom).<\/p>\n<p class=\"p2\"><span class=\"s2\">Mitat:<\/span><\/p>\n<ul>\n<li class=\"p2\"><span class=\"s2\">pituus 140 c<\/span>m<\/li>\n<li class=\"p2\">korkeus 12 cm<\/li>\n<li class=\"p2\">leveys (p\u00e4\u00e4ty) 24 cm<\/li>\n<\/ul>\n<p class=\"p1\"><span class=\"s1\">Hinta: 399 \u20ac + toimituskulut<\/span><\/p>\n<p class=\"p1\"><span class=\"s1\">Toimitusaika: 1-2 viikkoa mik\u00e4li tuote l\u00f6ytyy varastosta, muussa tapauksessa 6-8 viikkoa<\/span><\/p>\n<p><\/p>","protected":false},"excerpt":{"rendered":"<p>Gymi Furniture tikkaat\u00a0ovat jo itsess\u00e4\u00e4n oiva v\u00e4line tasapainoiluun ja kiipeilyyn. \u00a0Ne voidaan yhdist\u00e4\u00e4\u00a0s\u00e4nkyyn, puolapuihin ja bokseihin. Tikkaita voidaan k\u00e4ytt\u00e4\u00e4 my\u00f6s erikseen lattialla. Tikkaat\u00a0on valmistettu koivusta, ja ne on valkolakatut. Kaikki Gymi Furniture -tuotteet on\u00a0valmistettu EU-standardien mukaisesti ja ovat myrkytt\u00f6mi\u00e4 (M1-luokka). Gymi Furniture\u00a0s\u00e4nky on vuoden 2016 Vuoden Liikuntatuotekisan yleis\u00f6\u00e4\u00e4nestyksen voittaja, ja vuonna 2020 kalustesarja valittiin arvostetussa koulutusalan tapahtumassa GESS Dubaissa parhaaksi [&hellip;]<\/p>\n","protected":false},"featured_media":77,"template":"","meta":[],"product_cat":[155],"product_tag":[44,46,37,39,43,38,45,36],"_links":{"self":[{"href":"https:\/\/gymi.fi\/shop\/fi\/wp-json\/wp\/v2\/product\/16"}],"collection":[{"href":"https:\/\/gymi.fi\/shop\/fi\/wp-json\/wp\/v2\/product"}],"about":[{"href":"https:\/\/gymi.fi\/shop\/fi\/wp-json\/wp\/v2\/types\/product"}],"wp:featuredmedia":[{"embeddable":true,"href":"https:\/\/gymi.fi\/shop\/fi\/wp-json\/wp\/v2\/media\/77"}],"wp:attachment":[{"href":"https:\/\/gymi.fi\/shop\/fi\/wp-json\/wp\/v2\/media?parent=16"}],"wp:term":[{"taxonomy":"product_cat","embeddable":true,"href":"https:\/\/gymi.fi\/shop\/fi\/wp-json\/wp\/v2\/product_cat?post=16"},{"taxonomy":"product_tag","embeddable":true,"href":"https:\/\/gymi.fi\/shop\/fi\/wp-json\/wp\/v2\/product_tag?post=16"}],"curies":[{"name":"wp","href":"https:\/\/api.w.org\/{rel}","templated":true}]}}