{"id":15,"date":"2015-06-12T07:18:53","date_gmt":"2015-06-12T07:18:53","guid":{"rendered":"http:\/\/gymi.fi\/projects\/shop\/?post_type=product&#038;p=15"},"modified":"2024-04-15T00:01:45","modified_gmt":"2024-04-15T00:01:45","slug":"lankku","status":"publish","type":"product","link":"https:\/\/gymi.fi\/shop\/fi\/tuote\/lankku\/","title":{"rendered":"Lankku"},"content":{"rendered":"<p><\/p>\n<p class=\"p1\"><span class=\"s1\">Gymi Furniture lankku on koivusta, koivuvanerista ja valkoisesta laminaatista\u00a0valmistettu 24 cm leve\u00e4 taso, jota voidaan yhdistell\u00e4 puolapuus\u00e4nkyihin, puolapuihin ja bokseihin.<\/span><\/p>\n<p class=\"p1\"><span class=\"s1\">Lankku toimii niin p\u00f6yt\u00e4n\u00e4 tai penkkin\u00e4 kuin tasapainoilupuomina, liukum\u00e4ken\u00e4 tai parkouresteen\u00e4, kun se laitetaan kiinni esimerkiksi boksien v\u00e4liin. Lankkua voi k\u00e4ytt\u00e4\u00e4 my\u00f6s erikseen lattialla.<\/span><\/p>\n<p class=\"p1\">Lankun pinta on helposti puhtaana pidett\u00e4v\u00e4\u00e4, valkoista laminaattia. Puuosat ovat k\u00e4sitelty valkolakalla, jotta koivunv\u00e4ri s\u00e4ilyisi.<\/p>\n<p>Kaikki Gymi Furniture -tuotteet on\u00a0valmistettu EU-standardien mukaisesti ja ovat myrkytt\u00f6mi\u00e4 (M1-luokka).<\/p>\n<p class=\"p1\">Gymi Furniture\u00a0s\u00e4nky on vuoden 2016 Vuoden Liikuntatuotekisan yleis\u00f6\u00e4\u00e4nestyksen voittaja, ja vuonna 2020 kalustesarja valittiin arvostetussa koulutusalan tapahtumassa GESS Dubaissa parhaaksi tuotteeksi edist\u00e4m\u00e4\u00e4n terveytt\u00e4 ja liikett\u00e4 luokkahuoneessa (Best Product to Promote Health, Fitness and Sports in the Classroom).<\/p>\n<p class=\"p2\"><span class=\"s2\">Mitat:<\/span><\/p>\n<ul>\n<li class=\"p2\"><span class=\"s2\">pituus 140 cm<\/span><\/li>\n<li class=\"p2\">leveys 24 cm<\/li>\n<\/ul>\n<p class=\"p1\"><span class=\"s1\">Hinta: 399 \u20ac + toimituskulut<\/span><\/p>\n<p class=\"p1\"><span class=\"s1\">Toimitusaika: 1-2 viikkoa mik\u00e4li tuote l\u00f6ytyy varastosta, muussa tapauksessa 6-8 viikkoa<\/span><\/p>\n<p><\/p>","protected":false},"excerpt":{"rendered":"<p>Gymi Furniture lankku on koivusta, koivuvanerista ja valkoisesta laminaatista\u00a0valmistettu 24 cm leve\u00e4 taso, jota voidaan yhdistell\u00e4 puolapuus\u00e4nkyihin, puolapuihin ja bokseihin. Lankku toimii niin p\u00f6yt\u00e4n\u00e4 tai penkkin\u00e4 kuin tasapainoilupuomina, liukum\u00e4ken\u00e4 tai parkouresteen\u00e4, kun se laitetaan kiinni esimerkiksi boksien v\u00e4liin. Lankkua voi k\u00e4ytt\u00e4\u00e4 my\u00f6s erikseen lattialla. Lankun pinta on helposti puhtaana pidett\u00e4v\u00e4\u00e4, valkoista laminaattia. Puuosat ovat k\u00e4sitelty valkolakalla, jotta koivunv\u00e4ri s\u00e4ilyisi. Kaikki [&hellip;]<\/p>\n","protected":false},"featured_media":385,"template":"","meta":[],"product_cat":[155],"product_tag":[64,65,44,46,68,37,39,43,38,45,36,77,69],"_links":{"self":[{"href":"https:\/\/gymi.fi\/shop\/fi\/wp-json\/wp\/v2\/product\/15"}],"collection":[{"href":"https:\/\/gymi.fi\/shop\/fi\/wp-json\/wp\/v2\/product"}],"about":[{"href":"https:\/\/gymi.fi\/shop\/fi\/wp-json\/wp\/v2\/types\/product"}],"wp:featuredmedia":[{"embeddable":true,"href":"https:\/\/gymi.fi\/shop\/fi\/wp-json\/wp\/v2\/media\/385"}],"wp:attachment":[{"href":"https:\/\/gymi.fi\/shop\/fi\/wp-json\/wp\/v2\/media?parent=15"}],"wp:term":[{"taxonomy":"product_cat","embeddable":true,"href":"https:\/\/gymi.fi\/shop\/fi\/wp-json\/wp\/v2\/product_cat?post=15"},{"taxonomy":"product_tag","embeddable":true,"href":"https:\/\/gymi.fi\/shop\/fi\/wp-json\/wp\/v2\/product_tag?post=15"}],"curies":[{"name":"wp","href":"https:\/\/api.w.org\/{rel}","templated":true}]}}