{"id":138,"date":"2015-09-10T10:54:30","date_gmt":"2015-09-10T10:54:30","guid":{"rendered":"https:\/\/gymi.fi\/shop\/?post_type=product&#038;p=138"},"modified":"2024-04-15T00:01:45","modified_gmt":"2024-04-15T00:01:45","slug":"small_ladder","status":"publish","type":"product","link":"https:\/\/gymi.fi\/shop\/fi\/tuote\/small_ladder\/","title":{"rendered":"Pienet tikkaat"},"content":{"rendered":"<p><\/p>\n<p class=\"p1\">Gymi Furniture tikkaat voidaan kiinnitt\u00e4\u00e4 puolapuihin, boksiin tai puolapuus\u00e4nkyihin.\u00a0Tikkaita voidaan k\u00e4ytt\u00e4\u00e4 niin yl\u00f6sp\u00e4in kiipe\u00e4miseen kuin laskeutumiseen ja tasapainoiluun. \u00a0Tikkaita voidaan pit\u00e4\u00e4 my\u00f6s\u00a0erill\u00e4\u00e4n lattialla ja k\u00e4ytt\u00e4\u00e4 erilaisissa leikeiss\u00e4 ja tasapainoharjoitteissa.<\/p>\n<p class=\"p1\">Tikkaat on valmistettu koivusta, ja ne on valkolakatut.<\/p>\n<p class=\"p1\">Kaikki Gymi Furniture -tuotteet on\u00a0valmistettu EU-standardien mukaisesti ja ovat myrkytt\u00f6mi\u00e4 (M1-luokka).<\/p>\n<p class=\"p1\">Gymi Furniture\u00a0s\u00e4nky on vuoden 2016 Vuoden Liikuntatuotekisan yleis\u00f6\u00e4\u00e4nestyksen voittaja, ja vuonna 2020 kalustesarja valittiin arvostetussa koulutusalan tapahtumassa GESS Dubaissa parhaaksi tuotteeksi edist\u00e4m\u00e4\u00e4n terveytt\u00e4 ja liikett\u00e4 luokkahuoneessa (Best Product to Promote Health, Fitness and Sports in the Classroom).<\/p>\n<p class=\"p2\"><span class=\"s2\">Mitat:<\/span><\/p>\n<ul>\n<li class=\"p2\"><span class=\"s2\">pituus 100 cm<\/span><\/li>\n<li class=\"p2\">leveys (p\u00e4\u00e4ty) 24 cm<\/li>\n<\/ul>\n<p class=\"p1\"><span class=\"s1\">Hinta: 369 \u20ac + toimituskulut<\/span><\/p>\n<p class=\"p1\"><span class=\"s1\">Toimitusaika: 1-2 viikkoa, mik\u00e4li tuote l\u00f6ytyy varastosta, muuten 6-8 viikkoa<\/span><\/p>\n<p><\/p>","protected":false},"excerpt":{"rendered":"<p>Gymi Furniture tikkaat voidaan kiinnitt\u00e4\u00e4 puolapuihin, boksiin tai puolapuus\u00e4nkyihin.\u00a0Tikkaita voidaan k\u00e4ytt\u00e4\u00e4 niin yl\u00f6sp\u00e4in kiipe\u00e4miseen kuin laskeutumiseen ja tasapainoiluun. \u00a0Tikkaita voidaan pit\u00e4\u00e4 my\u00f6s\u00a0erill\u00e4\u00e4n lattialla ja k\u00e4ytt\u00e4\u00e4 erilaisissa leikeiss\u00e4 ja tasapainoharjoitteissa. Tikkaat on valmistettu koivusta, ja ne on valkolakatut. Kaikki Gymi Furniture -tuotteet on\u00a0valmistettu EU-standardien mukaisesti ja ovat myrkytt\u00f6mi\u00e4 (M1-luokka). Gymi Furniture\u00a0s\u00e4nky on vuoden 2016 Vuoden Liikuntatuotekisan yleis\u00f6\u00e4\u00e4nestyksen voittaja, ja vuonna 2020 [&hellip;]<\/p>\n","protected":false},"featured_media":365,"template":"","meta":[],"product_cat":[155],"product_tag":[64,65,44,46,37,39,43,38,45,36],"_links":{"self":[{"href":"https:\/\/gymi.fi\/shop\/fi\/wp-json\/wp\/v2\/product\/138"}],"collection":[{"href":"https:\/\/gymi.fi\/shop\/fi\/wp-json\/wp\/v2\/product"}],"about":[{"href":"https:\/\/gymi.fi\/shop\/fi\/wp-json\/wp\/v2\/types\/product"}],"wp:featuredmedia":[{"embeddable":true,"href":"https:\/\/gymi.fi\/shop\/fi\/wp-json\/wp\/v2\/media\/365"}],"wp:attachment":[{"href":"https:\/\/gymi.fi\/shop\/fi\/wp-json\/wp\/v2\/media?parent=138"}],"wp:term":[{"taxonomy":"product_cat","embeddable":true,"href":"https:\/\/gymi.fi\/shop\/fi\/wp-json\/wp\/v2\/product_cat?post=138"},{"taxonomy":"product_tag","embeddable":true,"href":"https:\/\/gymi.fi\/shop\/fi\/wp-json\/wp\/v2\/product_tag?post=138"}],"curies":[{"name":"wp","href":"https:\/\/api.w.org\/{rel}","templated":true}]}}