{"id":12,"date":"2015-06-12T07:18:19","date_gmt":"2015-06-12T07:18:19","guid":{"rendered":"http:\/\/gymi.fi\/projects\/shop\/?post_type=product&#038;p=12"},"modified":"2024-11-15T16:02:51","modified_gmt":"2024-11-15T16:02:51","slug":"jatkettava-kerrossanky","status":"publish","type":"product","link":"https:\/\/gymi.fi\/shop\/fi\/tuote\/jatkettava-kerrossanky\/","title":{"rendered":"Jatkettava puolapuukerross\u00e4nky | valkoinen"},"content":{"rendered":"<p>Kerross\u00e4nkymme on tehty kest\u00e4m\u00e4\u00e4n ja muuntumaan perheenne tarpeiden mukaan. Kest\u00e4v\u00e4, myrkyt\u00f6n koivusta valmistettu s\u00e4nky takaa hyv\u00e4t, puhtaat y\u00f6unet mutta my\u00f6s mahdollisuuden luovaan leikkiin ja luonnolliseen liikuntaan sek\u00e4 t\u00e4rkeiden motoristen taitojen harjoitteluun kotona.<\/p>\n<p class=\"p1\"><span class=\"s1\">Kerross\u00e4ngyst\u00e4 saadaan tarvittaessa kaksi erillist\u00e4 s\u00e4nky\u00e4. S\u00e4ngyn pituutta voi s\u00e4\u00e4dell\u00e4 (patja 150-200 cm), eli s\u00e4nky kasvaa t\u00e4ysimittaiseksi aikuisen s\u00e4ngyksi. S\u00e4ngyn p\u00e4\u00e4dyt\u00a0toimivat puolapuina, ja\u00a0<\/span><span class=\"s1\">p\u00e4\u00e4dyss\u00e4 kulkeviin puoliin samoin kuin s\u00e4ngyn tikkaisiin voidaan kiinnitt\u00e4\u00e4 kalustesarjan lankkuja, aisoja ja\u00a0tikkaita.<br \/>\n<\/span><\/p>\n<p class=\"p1\">Jatkettavaan kerross\u00e4nkyyn kuuluu kaksi erillist\u00e4 puolapuus\u00e4nky\u00e4 sek\u00e4 kerross\u00e4ngyn lis\u00e4osat (tikkaat, turvalaidat ja jalanpidennys).<\/p>\n<p class=\"p1\">S\u00e4ngyn pohja on hengitt\u00e4v\u00e4 s\u00e4lepohja. S\u00e4lepohja on valmistettu vanerista, jotta se on mahdollisimman kest\u00e4v\u00e4. S\u00e4nkyyn sopii 80 cm leve\u00e4, kunnollinen patja.<\/p>\n<p>S\u00e4nky on tehty massiivikoivusta ja maalattu valkoiseksi.<\/p>\n<p>S\u00e4ngyn mitat:<\/p>\n<ul>\n<li>leve\u00e4mpi p\u00e4\u00e4ty n. 91,5 cm, kapeampi p\u00e4\u00e4ty n. 85,5 cm<\/li>\n<li>pituus pisimmill\u00e4\u00e4n 225 cm (ulkomitta)<\/li>\n<li>korkeus puolapuup\u00e4\u00e4dyiss\u00e4 200 cm<\/li>\n<\/ul>\n<p class=\"p1\">Kaikki Gymi Furniture -tuotteet on\u00a0valmistettu EU-standardien mukaisesti ja ovat myrkytt\u00f6mi\u00e4 (M1-luokka).<\/p>\n<p class=\"p1\">Gymi Furniture\u00a0s\u00e4nky on vuoden 2016 Vuoden Liikuntatuotekisan yleis\u00f6\u00e4\u00e4nestyksen voittaja, ja vuonna 2020 kalustesarja valittiin arvostetussa koulutusalan tapahtumassa GESS Dubaissa parhaaksi tuotteeksi edist\u00e4m\u00e4\u00e4n terveytt\u00e4 ja liikett\u00e4 luokkahuoneessa (Best Product to Promote Health, Fitness and Sports in the Classroom).<\/p>\n<p class=\"p1\">Hinta: 2459\u20ac + toimituskulut<\/p>\n<p class=\"p1\">Toimitusaika: 1-2 viikkoa mik\u00e4li tuote l\u00f6ytyy varastosta.<\/p>\n<p><\/p>","protected":false},"excerpt":{"rendered":"<p>Kerross\u00e4nkymme on tehty kest\u00e4m\u00e4\u00e4n ja muuntumaan perheenne tarpeiden mukaan. Kest\u00e4v\u00e4, myrkyt\u00f6n koivusta valmistettu s\u00e4nky takaa hyv\u00e4t, puhtaat y\u00f6unet mutta my\u00f6s mahdollisuuden luovaan leikkiin ja luonnolliseen liikuntaan sek\u00e4 t\u00e4rkeiden motoristen taitojen harjoitteluun kotona. Kerross\u00e4ngyst\u00e4 saadaan tarvittaessa kaksi erillist\u00e4 s\u00e4nky\u00e4. S\u00e4ngyn pituutta voi s\u00e4\u00e4dell\u00e4 (patja 150-200 cm), eli s\u00e4nky kasvaa t\u00e4ysimittaiseksi aikuisen s\u00e4ngyksi. S\u00e4ngyn p\u00e4\u00e4dyt\u00a0toimivat puolapuina, ja\u00a0p\u00e4\u00e4dyss\u00e4 kulkeviin puoliin samoin kuin s\u00e4ngyn [&hellip;]<\/p>\n","protected":false},"featured_media":420,"template":"","meta":[],"product_cat":[138],"product_tag":[64,58,44,46,37,57,39,55,43,38,53,91,47,94,95,45,79,36,82,81,93,78],"_links":{"self":[{"href":"https:\/\/gymi.fi\/shop\/fi\/wp-json\/wp\/v2\/product\/12"}],"collection":[{"href":"https:\/\/gymi.fi\/shop\/fi\/wp-json\/wp\/v2\/product"}],"about":[{"href":"https:\/\/gymi.fi\/shop\/fi\/wp-json\/wp\/v2\/types\/product"}],"wp:featuredmedia":[{"embeddable":true,"href":"https:\/\/gymi.fi\/shop\/fi\/wp-json\/wp\/v2\/media\/420"}],"wp:attachment":[{"href":"https:\/\/gymi.fi\/shop\/fi\/wp-json\/wp\/v2\/media?parent=12"}],"wp:term":[{"taxonomy":"product_cat","embeddable":true,"href":"https:\/\/gymi.fi\/shop\/fi\/wp-json\/wp\/v2\/product_cat?post=12"},{"taxonomy":"product_tag","embeddable":true,"href":"https:\/\/gymi.fi\/shop\/fi\/wp-json\/wp\/v2\/product_tag?post=12"}],"curies":[{"name":"wp","href":"https:\/\/api.w.org\/{rel}","templated":true}]}}