{"id":66,"date":"2015-06-25T10:46:39","date_gmt":"2015-06-25T10:46:39","guid":{"rendered":"https:\/\/gymi.fi\/shop\/?page_id=66"},"modified":"2023-12-01T15:31:54","modified_gmt":"2023-12-01T15:31:54","slug":"asiakaspalvelu","status":"publish","type":"page","link":"https:\/\/gymi.fi\/shop\/fi\/asiakaspalvelu\/","title":{"rendered":"Asiakaspalvelu"},"content":{"rendered":"<p class=\"p1\"><span class=\"s1\">Kiitos mielenkiinnostasi Gymi Furniture \u2013kalustesarjaa kohtaan. Autamme mielell\u00e4\u00e4n sinua askarruttavissa asioissa. L\u00f6yd\u00e4t lis\u00e4tietoa kalustesarjan synnyst\u00e4 ja toiminnallisuudesta <a href=\"http:\/\/gymi.fi\/kalusteet\/\" target=\"_blank\" rel=\"noopener\">kaluste-sivultamme<\/a>.<\/span><\/p>\n<p class=\"p1\"><span class=\"s1\">Olemme auki sopimuksen mukaan.<\/span><\/p>\n<p class=\"p1\"><span class=\"s1\">S<\/span><span class=\"s1\">aat meid\u00e4t parhaiten kiinni l\u00e4hett\u00e4m\u00e4ll\u00e4 meille s\u00e4hk\u00f6postia osoitteeseen <a href=\"mailto:shop@gymi.fi\"><span class=\"s2\">shop@gymi.fi<\/span><\/a>.<\/span><\/p>\n<p class=\"p1\"><strong>Ulkomaille toimitus<\/strong><\/p>\n<p class=\"p1\">Halutessasi toimituksen\u00a0Suomen ulkopuolelle, otathan meihin yhteytt\u00e4 s\u00e4hk\u00f6postitse tai puhelimitse.<\/p>\n<p class=\"p1\"><strong>Tuotteet julkisiin tiloihin<\/strong><\/p>\n<p class=\"p1\">Mik\u00e4li olet kiinnostunut julkisiin tiloihin sopivasta isommasta tuotekoosta, isommista m\u00e4\u00e4rist\u00e4 tai r\u00e4\u00e4t\u00e4l\u00f6idyist\u00e4 ratkaisuista, olethan yhteydess\u00e4 s\u00e4hk\u00f6postitse.<\/p>\n<p class=\"p1\"><strong>J\u00e4lleenmyynti<\/strong><\/p>\n<p class=\"p1\">Jos olet kiinnostunut <strong>Gymi Furniture -kalusteiden j\u00e4lleenmyynnist\u00e4<\/strong>, olethan yhteydess\u00e4: shop@gymi.fi<\/p>\n","protected":false},"excerpt":{"rendered":"<p>Kiitos mielenkiinnostasi Gymi Furniture \u2013kalustesarjaa kohtaan. Autamme mielell\u00e4\u00e4n sinua askarruttavissa asioissa. L\u00f6yd\u00e4t lis\u00e4tietoa kalustesarjan synnyst\u00e4 ja toiminnallisuudesta kaluste-sivultamme. Olemme auki sopimuksen mukaan. Saat meid\u00e4t parhaiten kiinni l\u00e4hett\u00e4m\u00e4ll\u00e4 meille s\u00e4hk\u00f6postia osoitteeseen shop@gymi.fi. Ulkomaille toimitus Halutessasi toimituksen\u00a0Suomen ulkopuolelle, otathan meihin yhteytt\u00e4 s\u00e4hk\u00f6postitse tai puhelimitse. Tuotteet julkisiin tiloihin Mik\u00e4li olet kiinnostunut julkisiin tiloihin sopivasta isommasta tuotekoosta, isommista m\u00e4\u00e4rist\u00e4 tai r\u00e4\u00e4t\u00e4l\u00f6idyist\u00e4 ratkaisuista, olethan yhteydess\u00e4 [&hellip;]<\/p>\n","protected":false},"author":1,"featured_media":0,"parent":0,"menu_order":0,"comment_status":"closed","ping_status":"closed","template":"","meta":[],"_links":{"self":[{"href":"https:\/\/gymi.fi\/shop\/fi\/wp-json\/wp\/v2\/pages\/66"}],"collection":[{"href":"https:\/\/gymi.fi\/shop\/fi\/wp-json\/wp\/v2\/pages"}],"about":[{"href":"https:\/\/gymi.fi\/shop\/fi\/wp-json\/wp\/v2\/types\/page"}],"author":[{"embeddable":true,"href":"https:\/\/gymi.fi\/shop\/fi\/wp-json\/wp\/v2\/users\/1"}],"replies":[{"embeddable":true,"href":"https:\/\/gymi.fi\/shop\/fi\/wp-json\/wp\/v2\/comments?post=66"}],"version-history":[{"count":48,"href":"https:\/\/gymi.fi\/shop\/fi\/wp-json\/wp\/v2\/pages\/66\/revisions"}],"predecessor-version":[{"id":708,"href":"https:\/\/gymi.fi\/shop\/fi\/wp-json\/wp\/v2\/pages\/66\/revisions\/708"}],"wp:attachment":[{"href":"https:\/\/gymi.fi\/shop\/fi\/wp-json\/wp\/v2\/media?parent=66"}],"curies":[{"name":"wp","href":"https:\/\/api.w.org\/{rel}","templated":true}]}}