{"id":61,"date":"2015-06-25T10:42:18","date_gmt":"2015-06-25T10:42:18","guid":{"rendered":"https:\/\/gymi.fi\/shop\/?page_id=61"},"modified":"2023-12-01T15:43:26","modified_gmt":"2023-12-01T15:43:26","slug":"toimitusehdot","status":"publish","type":"page","link":"https:\/\/gymi.fi\/shop\/fi\/toimitusehdot\/","title":{"rendered":"Toimitusehdot"},"content":{"rendered":"<p class=\"p1\"><span class=\"s1\">Voimassa 1.12.2023 alkaen<\/span><\/p>\n<p class=\"p1\"><span class=\"s1\">Verkkokaupan tuotteita myy\u00a0Gymi Group Oy, y-tunnus\u00a03140791-1. Myymme tuotteita t\u00e4ysi-ik\u00e4isille yksityishenkil\u00f6ille sek\u00e4 erilaisille organisaatioille. Toimitamme my\u00f6s Suomen ulkopuolelle. Tuotteiden hinnat sis\u00e4lt\u00e4v\u00e4t voimassa olevan arvonlis\u00e4veron. Tuotehinnan lis\u00e4ksi asiakas maksaa toimituksen. Toimituksen hinta on riippuvainen toimituskohteen sijainnista sek\u00e4 tuotteiden m\u00e4\u00e4r\u00e4st\u00e4 ja koosta. Pid\u00e4t\u00e4mme oikeuden hintojen, posti- ja toimituskulujen muutoksiin.<\/span><\/p>\n<p class=\"p4\"><span class=\"s1\"><b>Tilaaminen<\/b><\/span><\/p>\n<p class=\"p4\"><span class=\"s1\">Tuotteet tilataan p\u00e4\u00e4s\u00e4\u00e4nt\u00f6isesti internetin v\u00e4lityksell\u00e4 osoitteesta: <a href=\"https:\/\/gymi.fi\/shop\"><span class=\"s2\">www.gymi.fi\/shop<\/span><\/a><\/span> <span class=\"s1\">ostoskorin kautta.<\/span><\/p>\n<p class=\"p4\"><span class=\"s1\">Kaikki tilaukset vahvistetaan s\u00e4hk\u00f6postilla, jossa ilmoitetaan tilauksen hinta, toimituskulut sek\u00e4 tilatut tuotteet. Tilausvahvistuksen saaminen edellytt\u00e4\u00e4 s\u00e4hk\u00f6postiosoitteen ilmoittamista tilauksen yhteydess\u00e4.<\/span><\/p>\n<p class=\"p4\"><span class=\"s1\">Asiakas sitoutuu jokaisen tilauksen yhteydess\u00e4 voimassa oleviin toimitusehtoihin.<\/span><\/p>\n<p class=\"p4\"><span class=\"s1\"><b>Maksutavat ja maksupalvelutarjoaja<br \/>\n<\/b><\/span><\/p>\n<p class=\"p4\"><span class=\"s1\">Tuotteet ja niiden postikulut maksetaan tilauksen yhteydess\u00e4 saadulla laskulla.<\/span><\/p>\n<p class=\"p4\"><span class=\"s1\">Yritysten ja organisaatioiden on mahdollista maksaa my\u00f6s laskulla. T\u00e4ll\u00f6in laskutuksesta sovitaan erikseen.<\/span><\/p>\n<p class=\"p1\"><span class=\"s1\"><\/span><\/p>\n<p class=\"p1\"><span class=\"s1\"><\/span><\/p>\n<p class=\"p4\"><span class=\"s1\"><b>Toimitusaika<\/b><\/span><\/p>\n<p class=\"p1\"><span class=\"s1\">Toimitusaika vahvistetaan s\u00e4hk\u00f6postivahvistuksessa. Jos tilattavilla tuotteilla on eri toimitusajat, sovitaan erikseen, kuinka toimitus tehd\u00e4\u00e4n. Joulun ja vuodenvaihteen aikaan sek\u00e4 kes\u00e4ll\u00e4 olemme pidemm\u00e4n jakson kiinni, jolloin toimitusaika saattaa olla eri kuin normaalisti. Ilmoitamme poikkeusaikatauluista aina Facebook-sivullamme, joka n\u00e4kyy my\u00f6s www.gymi.fi\/kalusteet -sivulla.<\/span><\/p>\n<p class=\"p4\"><span class=\"s1\"><b>Toimitustapa ja toimituskulut<\/b><\/span><\/p>\n<p class=\"p4\"><span class=\"s1\">Toimituskulut sis\u00e4lt\u00e4v\u00e4t l\u00e4hetys- ja pakkauskulut. Voit katsoa toimituskulut p\u00e4\u00e4sty\u00e4si ostoskoriin. Kaikki tuotteet toimittaa yhteisty\u00f6kumppani. Normaaliin toimitukseen ei sis\u00e4lly kerrokseen kanto. Pienet tuotteet toimitetaan l\u00e4himp\u00e4\u00e4n postin noutopisteeseen.<\/span><\/p>\n<p class=\"p4\"><span class=\"s1\"><b>Vaihto- ja palautusehdot<\/b><\/span><\/p>\n<p class=\"p4\"><span class=\"s1\">Tuotteilla ei ole palautusoikeutta. Jos tuote on vahingoittunut kuljetuksen aikana tai on muuten viallinen sen saapuessa, se korvataan vastaavalla tuotteella.<\/span><\/p>\n<p class=\"p4\"><span class=\"s1\"><b>Ongelmatilanteet kuljetuksessa sek\u00e4 viallisten tuotteiden osalta<\/b><\/span><\/p>\n<p class=\"p4\"><span class=\"s1\">Mik\u00e4li tuote on kadonnut kuljetuksen aikana, vioittunut tai asiakkaalle on toimitettu v\u00e4\u00e4r\u00e4 tuote, tulee asiakkaan ilmoittaa virheest\u00e4 v\u00e4litt\u00f6m\u00e4sti osoitteeseen <a href=\"mailto:shop@gymi.fi\"><span class=\"s2\">shop@gymi.fi<\/span><\/a>. T\u00e4m\u00e4n j\u00e4lkeen tilanne korjataan asiaankuuluvalla tavalla.<\/span><\/p>\n<p class=\"p4\"><span class=\"s1\"><b>Muuta<\/b><\/span><\/p>\n<p class=\"p4\"><span class=\"s1\">Pid\u00e4t\u00e4mme oikeuden muuttaa toimitusehtojamme. Asiakkaan on ennen tilaustaan tutustuttava kulloinkin voimassa oleviin toimitusehtoihin.<\/span><\/p>\n<p class=\"p4\"><span class=\"s1\">K\u00e4sittelemme kaikkia asiakastietoja t\u00e4ysin luottamuksellisesti. <\/span><\/p>\n<p class=\"p4\"><span class=\"s1\">Sitoudumme olemaan luovuttamatta asiakastietoja kolmansille osapuolille.<\/span><\/p>\n<p>Jos sopimusta tai tilausta koskevaa erimielisyytt\u00e4 ei saada ratkaistuksi osapuolten v\u00e4lisill\u00e4 neuvotteluilla, kuluttaja voi saattaa asian kuluttajariitalautakunnan ratkaistavaksi. Lis\u00e4tietoa: <a href=\"http:\/\/www.kuluttajariita.fi\/\">www.kuluttajariita.fi<\/a>. Kuluttajalla on mahdollisuus k\u00e4ytt\u00e4\u00e4 vaihtoehtoisia riidanratkaisuelimi\u00e4 erimielisyyden ratkaisemiseen. Linkki verkkov\u00e4litteiselle riidanratkaisufoorumille: <a href=\"https:\/\/webgate.ec.europa.eu\/odr\/main\/index.cfm?event=main.home.show&amp;lng=FI\">https:\/\/webgate.ec.europa.eu\/odr\/main\/index.cfm?event=main.home.show&amp;lng=FI<\/a>.<\/p>\n<p>Tilauksen yhteydess\u00e4 asiakkaan tiedot tulevat Gymi Groupin yll\u00e4pit\u00e4m\u00e4\u00e4n rekisteriin, jonka rekisteriseloste on alla:<\/p>\n<p>Rekisteriseloste \/ Gymi Furniture \/ Gymi Group Oy Y-tunnus 3140791-1<\/p>\n<p>1) Rekisterinpit\u00e4j\u00e4: Gymi Group Oy, www.gymi.fi, shop@gymi.fi<\/p>\n<p>2) Henkil\u00f6tietojen k\u00e4sittelyn tarkoitus: tilausten k\u00e4sittely ja tilattujen tuotteiden toimitus sek\u00e4 yhteydenpito asiakkaaseen<\/p>\n<p>3) Rekister\u00f6idyt ja rekisterin sis\u00e4lt\u00e4m\u00e4 tieto: tilauksen tehneen asiakkaan antamat tiedot eli asiakkaan nimi, tilattujen tuotteiden toimitusosoite, asiakkaan s\u00e4hk\u00f6posti ja puhelinnumero, muu tarvittava tieto koskien tilausta.<\/p>\n<p>4) Tietoja ei luovuteta millek\u00e4\u00e4n ulkopuoliselle taholle.<\/p>\n<p>5) Rekisteri pidet\u00e4\u00e4n suojassa salasanojen takana, ja rekisterin sis\u00e4lt\u00e4m\u00e4 tieto on ainoastaan koulutettujen ty\u00f6ntekij\u00f6iden k\u00e4yt\u00f6ss\u00e4. Rekisteri k\u00e4ytt\u00e4\u00e4 salattua yhteytt\u00e4.<\/p>\n","protected":false},"excerpt":{"rendered":"<p>Voimassa 1.12.2023 alkaen Verkkokaupan tuotteita myy\u00a0Gymi Group Oy, y-tunnus\u00a03140791-1. Myymme tuotteita t\u00e4ysi-ik\u00e4isille yksityishenkil\u00f6ille sek\u00e4 erilaisille organisaatioille. Toimitamme my\u00f6s Suomen ulkopuolelle. Tuotteiden hinnat sis\u00e4lt\u00e4v\u00e4t voimassa olevan arvonlis\u00e4veron. Tuotehinnan lis\u00e4ksi asiakas maksaa toimituksen. Toimituksen hinta on riippuvainen toimituskohteen sijainnista sek\u00e4 tuotteiden m\u00e4\u00e4r\u00e4st\u00e4 ja koosta. Pid\u00e4t\u00e4mme oikeuden hintojen, posti- ja toimituskulujen muutoksiin. Tilaaminen Tuotteet tilataan p\u00e4\u00e4s\u00e4\u00e4nt\u00f6isesti internetin v\u00e4lityksell\u00e4 osoitteesta: www.gymi.fi\/shop ostoskorin kautta. Kaikki [&hellip;]<\/p>\n","protected":false},"author":1,"featured_media":0,"parent":0,"menu_order":0,"comment_status":"closed","ping_status":"closed","template":"","meta":[],"_links":{"self":[{"href":"https:\/\/gymi.fi\/shop\/fi\/wp-json\/wp\/v2\/pages\/61"}],"collection":[{"href":"https:\/\/gymi.fi\/shop\/fi\/wp-json\/wp\/v2\/pages"}],"about":[{"href":"https:\/\/gymi.fi\/shop\/fi\/wp-json\/wp\/v2\/types\/page"}],"author":[{"embeddable":true,"href":"https:\/\/gymi.fi\/shop\/fi\/wp-json\/wp\/v2\/users\/1"}],"replies":[{"embeddable":true,"href":"https:\/\/gymi.fi\/shop\/fi\/wp-json\/wp\/v2\/comments?post=61"}],"version-history":[{"count":28,"href":"https:\/\/gymi.fi\/shop\/fi\/wp-json\/wp\/v2\/pages\/61\/revisions"}],"predecessor-version":[{"id":710,"href":"https:\/\/gymi.fi\/shop\/fi\/wp-json\/wp\/v2\/pages\/61\/revisions\/710"}],"wp:attachment":[{"href":"https:\/\/gymi.fi\/shop\/fi\/wp-json\/wp\/v2\/media?parent=61"}],"curies":[{"name":"wp","href":"https:\/\/api.w.org\/{rel}","templated":true}]}}