{"id":60,"date":"2015-06-25T10:41:04","date_gmt":"2015-06-25T10:41:04","guid":{"rendered":"https:\/\/gymi.fi\/shop\/?page_id=60"},"modified":"2023-12-01T15:44:36","modified_gmt":"2023-12-01T15:44:36","slug":"yhteystiedot","status":"publish","type":"page","link":"https:\/\/gymi.fi\/shop\/fi\/yhteystiedot\/","title":{"rendered":"Yhteystiedot"},"content":{"rendered":"<p class=\"p1\"><a href=\"mailto:shop@gymi.fi\"><span class=\"s2\">shop@gymi.fi<\/span><\/a><\/p>\n<p><a href=\"http:\/\/gymi.fi\/kalusteet\" target=\"_blank\" rel=\"noopener\">Kalusteet -sivustolta<\/a> lis\u00e4tietoa kalustesarjan synnyst\u00e4 ja toiminnasta.<\/p>\n<p>Olemme auki sopimuksen mukaan.<\/p>\n<p>Jos olet kiinnostunut <strong>Gymi Furniture -kalusteiden j\u00e4lleenmyynnist\u00e4<\/strong>, olethan yhteydess\u00e4: shop @ gymi.fi<\/p>\n","protected":false},"excerpt":{"rendered":"<p>shop@gymi.fi Kalusteet -sivustolta lis\u00e4tietoa kalustesarjan synnyst\u00e4 ja toiminnasta. Olemme auki sopimuksen mukaan. Jos olet kiinnostunut Gymi Furniture -kalusteiden j\u00e4lleenmyynnist\u00e4, olethan yhteydess\u00e4: shop @ gymi.fi<\/p>\n","protected":false},"author":1,"featured_media":0,"parent":0,"menu_order":0,"comment_status":"closed","ping_status":"closed","template":"","meta":[],"_links":{"self":[{"href":"https:\/\/gymi.fi\/shop\/fi\/wp-json\/wp\/v2\/pages\/60"}],"collection":[{"href":"https:\/\/gymi.fi\/shop\/fi\/wp-json\/wp\/v2\/pages"}],"about":[{"href":"https:\/\/gymi.fi\/shop\/fi\/wp-json\/wp\/v2\/types\/page"}],"author":[{"embeddable":true,"href":"https:\/\/gymi.fi\/shop\/fi\/wp-json\/wp\/v2\/users\/1"}],"replies":[{"embeddable":true,"href":"https:\/\/gymi.fi\/shop\/fi\/wp-json\/wp\/v2\/comments?post=60"}],"version-history":[{"count":39,"href":"https:\/\/gymi.fi\/shop\/fi\/wp-json\/wp\/v2\/pages\/60\/revisions"}],"predecessor-version":[{"id":711,"href":"https:\/\/gymi.fi\/shop\/fi\/wp-json\/wp\/v2\/pages\/60\/revisions\/711"}],"wp:attachment":[{"href":"https:\/\/gymi.fi\/shop\/fi\/wp-json\/wp\/v2\/media?parent=60"}],"curies":[{"name":"wp","href":"https:\/\/api.w.org\/{rel}","templated":true}]}}